{"id":1048,"date":"2025-10-23T14:45:23","date_gmt":"2025-10-23T12:45:23","guid":{"rendered":"https:\/\/www.leparcdelagreve.com\/activities\/"},"modified":"2025-12-17T12:00:44","modified_gmt":"2025-12-17T11:00:44","slug":"activities","status":"publish","type":"page","link":"https:\/\/www.leparcdelagreve.com\/en\/activities\/","title":{"rendered":"Activities"},"content":{"rendered":"<div class=\"diaporama-header align-full\"><div class=\"gallery\"><figure class=\"gallery__item\"><picture><source srcset=\"https:\/\/www.leparcdelagreve.com\/wp-content\/uploads\/2025\/11\/Le-Parc-de-la-Greve-AIRE-DE-JEUX-1-07.06.23-420x279.webp\" media=\"(max-width: 210px)\"><source srcset=\"https:\/\/www.leparcdelagreve.com\/wp-content\/uploads\/2025\/11\/Le-Parc-de-la-Greve-AIRE-DE-JEUX-1-07.06.23-850x565.webp\" media=\"(max-width: 420px)\"><source srcset=\"https:\/\/www.leparcdelagreve.com\/wp-content\/uploads\/2025\/11\/Le-Parc-de-la-Greve-AIRE-DE-JEUX-1-07.06.23-768x511.webp\" media=\"(max-width: 850px)\"><source srcset=\"https:\/\/www.leparcdelagreve.com\/wp-content\/uploads\/2025\/11\/Le-Parc-de-la-Greve-AIRE-DE-JEUX-1-07.06.23-1024x681.webp\" media=\"(max-width: 1024px)\"><source srcset=\"https:\/\/www.leparcdelagreve.com\/wp-content\/uploads\/2025\/11\/Le-Parc-de-la-Greve-AIRE-DE-JEUX-1-07.06.23.webp\" media=\"(min-width: 1025px)\"><img loading=\"lazy\" decoding=\"async\" src=\"https:\/\/www.leparcdelagreve.com\/wp-content\/uploads\/2025\/11\/Le-Parc-de-la-Greve-AIRE-DE-JEUX-1-07.06.23-420x279.webp\" width=\"420\" height=\"210\" alt=\"\" title=\"\"><\/picture><\/figure><\/div><div class=\"diaporama-header__inner\"><h1 class=\"right\">Leisure activities <span class=\"fc-span\">at <strong>Le Parc de la Gr\u00e8ve Campsite<\/strong><\/span><br\/><\/h1><div class=\"group hide-mob\"><p class=\"center\" style=\"text-align: center;\"  >Don&#8217;t wait any longer!<\/p><div class=\"buttons display-flex \" style=\"justify-content:center;\"><span class=\"buttons__btn btn-resa is-style-1\">Book now <span class=\"fc-icon\"><svg xmlns=\"http:\/\/www.w3.org\/2000\/svg\"  viewBox=\"0 0 448 512\" width=\"16px\" height=\"16px\"><!--! Font Awesome Pro 6.4.2 by @fontawesome - https:\/\/fontawesome.com License - https:\/\/fontawesome.com\/license (Commercial License) Copyright 2023 Fonticons, Inc.--><path d=\"M438.6 278.6c12.5-12.5 12.5-32.8 0-45.3l-160-160c-12.5-12.5-32.8-12.5-45.3 0s-12.5 32.8 0 45.3L338.8 224 32 224c-17.7 0-32 14.3-32 32s14.3 32 32 32l306.7 0L233.4 393.4c-12.5 12.5-12.5 32.8 0 45.3s32.8 12.5 45.3 0l160-160z\"\/><\/svg><\/span><\/span><\/div><figure class=\"bg\"><picture><source srcset=\"https:\/\/www.leparcdelagreve.com\/wp-content\/uploads\/2025\/10\/form-group-420x96.webp\" media=\"(max-width: 210px)\"><source srcset=\"https:\/\/www.leparcdelagreve.com\/wp-content\/uploads\/2025\/10\/form-group-850x194.webp\" media=\"(max-width: 420px)\"><source srcset=\"https:\/\/www.leparcdelagreve.com\/wp-content\/uploads\/2025\/10\/form-group-768x176.webp\" media=\"(max-width: 850px)\"><source srcset=\"https:\/\/www.leparcdelagreve.com\/wp-content\/uploads\/2025\/10\/form-group-1024x234.webp\" media=\"(max-width: 1024px)\"><source srcset=\"https:\/\/www.leparcdelagreve.com\/wp-content\/uploads\/2025\/10\/form-group.webp\" media=\"(min-width: 1025px)\"><img decoding=\"async\" src=\"https:\/\/www.leparcdelagreve.com\/wp-content\/uploads\/2025\/10\/form-group-420x96.webp\" width=\"420\" height=\"210\" loading=\"lazy\" alt=\"\" title=\"\"><\/picture><\/figure><\/div><figure class=\"form\"><picture><source srcset=\"https:\/\/www.leparcdelagreve.com\/wp-content\/uploads\/2025\/10\/form-diapo-header-420x28.webp\" media=\"(max-width: 210px)\"><source srcset=\"https:\/\/www.leparcdelagreve.com\/wp-content\/uploads\/2025\/10\/form-diapo-header-850x57.webp\" media=\"(max-width: 420px)\"><source srcset=\"https:\/\/www.leparcdelagreve.com\/wp-content\/uploads\/2025\/10\/form-diapo-header-768x51.webp\" media=\"(max-width: 850px)\"><source srcset=\"https:\/\/www.leparcdelagreve.com\/wp-content\/uploads\/2025\/10\/form-diapo-header-1024x68.webp\" media=\"(max-width: 1024px)\"><source srcset=\"https:\/\/www.leparcdelagreve.com\/wp-content\/uploads\/2025\/10\/form-diapo-header.webp\" media=\"(min-width: 1025px)\"><img loading=\"lazy\" decoding=\"async\" src=\"https:\/\/www.leparcdelagreve.com\/wp-content\/uploads\/2025\/10\/form-diapo-header-420x28.webp\" width=\"420\" height=\"210\" alt=\"\" title=\"\"><\/picture><\/figure><\/div><\/div><div class=\"columns sec-10\"><div class=\"columns__item flex-14\"><div class=\"group fade-left\"><h2>Playground and fun at the campsite<\/h2><p    >At <strong>Ushua\u00efa Villages Le Parc de la Gr\u00e8ve Campsite<\/strong>, your vacation rhymes with fun and activity. Your children can have hours of fun in our playground, equipped with swings, huts, slides, climbing wall and spring-loaded games. Open from <strong>8 a.m. to 11 p.m.<\/strong>, it is reserved for children aged <strong>2 to 12,<\/strong> under parental supervision, and encourages new friendships and encounters.<\/p><div class=\"buttons\"><a href=\"https:\/\/www.leparcdelagreve.com\/wp-content\/uploads\/2024\/12\/Programme-type-semaine-2026-FR.pdf\" rel=\"noreferrer noopener\" rel=\"noreferrer noopener\" target=\"_blank\" rel=\"noreferrer noopener\" rel=\"noreferrer noopener\" rel=\"noreferrer noopener\" rel=\"noreferrer noopener\" class=\"buttons__btn\">Discover our program<\/a><\/div><\/div><div class=\"gallery hide-mob col-1\"><figure class=\"gallery__item\"><picture><source srcset=\"https:\/\/www.leparcdelagreve.com\/wp-content\/uploads\/2025\/11\/photo-638418651156106672-2-420x236.webp\" media=\"(max-width: 210px)\"><source srcset=\"https:\/\/www.leparcdelagreve.com\/wp-content\/uploads\/2025\/11\/photo-638418651156106672-2-850x478.webp\" media=\"(max-width: 420px)\"><source srcset=\"https:\/\/www.leparcdelagreve.com\/wp-content\/uploads\/2025\/11\/photo-638418651156106672-2-768x432.webp\" media=\"(max-width: 850px)\"><source srcset=\"https:\/\/www.leparcdelagreve.com\/wp-content\/uploads\/2025\/11\/photo-638418651156106672-2-1024x576.webp\" media=\"(max-width: 1024px)\"><source srcset=\"https:\/\/www.leparcdelagreve.com\/wp-content\/uploads\/2025\/11\/photo-638418651156106672-2.webp\" media=\"(min-width: 1025px)\"><img decoding=\"async\" src=\"https:\/\/www.leparcdelagreve.com\/wp-content\/uploads\/2025\/11\/photo-638418651156106672-2-420x236.webp\" width=\"420\" height=\"210\" loading=\"lazy\" alt=\"\" title=\"\"><\/picture><\/figure><\/div><\/div><div class=\"columns__item flex-13 fade-down\"><div class=\"gallery f-carousel fc-diapo-mob\" data-fancybox=\"gallery-mob\"><figure class=\"gallery__item\"><picture><source srcset=\"https:\/\/www.leparcdelagreve.com\/wp-content\/uploads\/2025\/11\/Le-Parc-de-la-Greve-STRUCTURE-GONFLABLE-4-07.06.23-420x279.webp\" media=\"(max-width: 210px)\"><source srcset=\"https:\/\/www.leparcdelagreve.com\/wp-content\/uploads\/2025\/11\/Le-Parc-de-la-Greve-STRUCTURE-GONFLABLE-4-07.06.23-850x565.webp\" media=\"(max-width: 420px)\"><source srcset=\"https:\/\/www.leparcdelagreve.com\/wp-content\/uploads\/2025\/11\/Le-Parc-de-la-Greve-STRUCTURE-GONFLABLE-4-07.06.23-768x511.webp\" media=\"(max-width: 850px)\"><source srcset=\"https:\/\/www.leparcdelagreve.com\/wp-content\/uploads\/2025\/11\/Le-Parc-de-la-Greve-STRUCTURE-GONFLABLE-4-07.06.23-1024x681.webp\" media=\"(max-width: 1024px)\"><source srcset=\"https:\/\/www.leparcdelagreve.com\/wp-content\/uploads\/2025\/11\/Le-Parc-de-la-Greve-STRUCTURE-GONFLABLE-4-07.06.23.webp\" media=\"(min-width: 1025px)\"><img decoding=\"async\" src=\"https:\/\/www.leparcdelagreve.com\/wp-content\/uploads\/2025\/11\/Le-Parc-de-la-Greve-STRUCTURE-GONFLABLE-4-07.06.23-420x279.webp\" width=\"420\" height=\"210\" loading=\"lazy\" alt=\"\" title=\"\"><\/picture><\/figure><figure class=\"gallery__item show-mob\"><picture><source srcset=\"https:\/\/www.leparcdelagreve.com\/wp-content\/uploads\/2025\/11\/photo-635919346641423895-2-420x208.webp\" media=\"(max-width: 210px)\"><source srcset=\"https:\/\/www.leparcdelagreve.com\/wp-content\/uploads\/2025\/11\/photo-635919346641423895-2-850x421.webp\" media=\"(max-width: 420px)\"><source srcset=\"https:\/\/www.leparcdelagreve.com\/wp-content\/uploads\/2025\/11\/photo-635919346641423895-2-768x380.webp\" media=\"(max-width: 850px)\"><source srcset=\"https:\/\/www.leparcdelagreve.com\/wp-content\/uploads\/2025\/11\/photo-635919346641423895-2-1024x507.webp\" media=\"(max-width: 1024px)\"><source srcset=\"https:\/\/www.leparcdelagreve.com\/wp-content\/uploads\/2025\/11\/photo-635919346641423895-2.webp\" media=\"(min-width: 1025px)\"><img decoding=\"async\" src=\"https:\/\/www.leparcdelagreve.com\/wp-content\/uploads\/2025\/11\/photo-635919346641423895-2-420x208.webp\" width=\"420\" height=\"210\" loading=\"lazy\" alt=\"\" title=\"\"><\/picture><\/figure><figure class=\"gallery__item show-mob\"><picture><source srcset=\"https:\/\/www.leparcdelagreve.com\/wp-content\/uploads\/2025\/11\/IMG_20240802_150651-420x315.webp\" media=\"(max-width: 210px)\"><source srcset=\"https:\/\/www.leparcdelagreve.com\/wp-content\/uploads\/2025\/11\/IMG_20240802_150651-850x638.webp\" media=\"(max-width: 420px)\"><source srcset=\"https:\/\/www.leparcdelagreve.com\/wp-content\/uploads\/2025\/11\/IMG_20240802_150651-768x576.webp\" media=\"(max-width: 850px)\"><source srcset=\"https:\/\/www.leparcdelagreve.com\/wp-content\/uploads\/2025\/11\/IMG_20240802_150651-1024x768.webp\" media=\"(max-width: 1024px)\"><source srcset=\"https:\/\/www.leparcdelagreve.com\/wp-content\/uploads\/2025\/11\/IMG_20240802_150651.webp\" media=\"(min-width: 1025px)\"><img decoding=\"async\" src=\"https:\/\/www.leparcdelagreve.com\/wp-content\/uploads\/2025\/11\/IMG_20240802_150651-420x315.webp\" width=\"420\" height=\"210\" loading=\"lazy\" alt=\"\" title=\"\"><\/picture><\/figure><\/div><p class=\"wording bg-2\"   >Sharing moments <span class=\"fc-span\">in Vend\u00e9e<\/span><\/p><\/div><div class=\"columns__item fade-right hide-mob\"><div class=\"gallery col-1\"><figure class=\"gallery__item\"><picture><source srcset=\"https:\/\/www.leparcdelagreve.com\/wp-content\/uploads\/2025\/11\/photo-635919346641423895-2-420x208.webp\" media=\"(max-width: 210px)\"><source srcset=\"https:\/\/www.leparcdelagreve.com\/wp-content\/uploads\/2025\/11\/photo-635919346641423895-2-850x421.webp\" media=\"(max-width: 420px)\"><source srcset=\"https:\/\/www.leparcdelagreve.com\/wp-content\/uploads\/2025\/11\/photo-635919346641423895-2-768x380.webp\" media=\"(max-width: 850px)\"><source srcset=\"https:\/\/www.leparcdelagreve.com\/wp-content\/uploads\/2025\/11\/photo-635919346641423895-2-1024x507.webp\" media=\"(max-width: 1024px)\"><source srcset=\"https:\/\/www.leparcdelagreve.com\/wp-content\/uploads\/2025\/11\/photo-635919346641423895-2.webp\" media=\"(min-width: 1025px)\"><img decoding=\"async\" src=\"https:\/\/www.leparcdelagreve.com\/wp-content\/uploads\/2025\/11\/photo-635919346641423895-2-420x208.webp\" width=\"420\" height=\"210\" loading=\"lazy\" alt=\"\" title=\"\"><\/picture><\/figure><figure class=\"gallery__item\"><picture><source srcset=\"https:\/\/www.leparcdelagreve.com\/wp-content\/uploads\/2025\/11\/IMG_20240802_150651-420x315.webp\" media=\"(max-width: 210px)\"><source srcset=\"https:\/\/www.leparcdelagreve.com\/wp-content\/uploads\/2025\/11\/IMG_20240802_150651-850x638.webp\" media=\"(max-width: 420px)\"><source srcset=\"https:\/\/www.leparcdelagreve.com\/wp-content\/uploads\/2025\/11\/IMG_20240802_150651-768x576.webp\" media=\"(max-width: 850px)\"><source srcset=\"https:\/\/www.leparcdelagreve.com\/wp-content\/uploads\/2025\/11\/IMG_20240802_150651-1024x768.webp\" media=\"(max-width: 1024px)\"><source srcset=\"https:\/\/www.leparcdelagreve.com\/wp-content\/uploads\/2025\/11\/IMG_20240802_150651.webp\" media=\"(min-width: 1025px)\"><img decoding=\"async\" src=\"https:\/\/www.leparcdelagreve.com\/wp-content\/uploads\/2025\/11\/IMG_20240802_150651-420x315.webp\" width=\"420\" height=\"210\" loading=\"lazy\" alt=\"\" title=\"\"><\/picture><\/figure><\/div><\/div><\/div><div class=\"columns reverse-mob has-bleu-bg-color has-bg align-full\" style=\"background-color:var(--bleu);\"><div class=\"columns__item\"><div class=\"gallery height-adapt\"><figure class=\"gallery__item\"><picture><source srcset=\"https:\/\/www.leparcdelagreve.com\/wp-content\/uploads\/2025\/11\/photo-636199035438901440-2-1-420x208.webp\" media=\"(max-width: 210px)\"><source srcset=\"https:\/\/www.leparcdelagreve.com\/wp-content\/uploads\/2025\/11\/photo-636199035438901440-2-1-850x421.webp\" media=\"(max-width: 420px)\"><source srcset=\"https:\/\/www.leparcdelagreve.com\/wp-content\/uploads\/2025\/11\/photo-636199035438901440-2-1-768x380.webp\" media=\"(max-width: 850px)\"><source srcset=\"https:\/\/www.leparcdelagreve.com\/wp-content\/uploads\/2025\/11\/photo-636199035438901440-2-1-1024x507.webp\" media=\"(max-width: 1024px)\"><source srcset=\"https:\/\/www.leparcdelagreve.com\/wp-content\/uploads\/2025\/11\/photo-636199035438901440-2-1.webp\" media=\"(min-width: 1025px)\"><img decoding=\"async\" src=\"https:\/\/www.leparcdelagreve.com\/wp-content\/uploads\/2025\/11\/photo-636199035438901440-2-1-420x208.webp\" width=\"420\" height=\"210\" loading=\"lazy\" alt=\"\" title=\"\"><\/picture><\/figure><\/div><\/div><div class=\"columns__item\" style=\"align-self:flex-end;\"><h2>Sports facilities and Homeball<\/h2><p    >The whole family can enjoy ping-pong, p\u00e9tanque, m\u00f6lkky, darts and the fishing pond. Also discover <strong>Homeball<\/strong>, a team game in a secure arena where the aim is to score in the opposing targets, but watch out for the red goal that cancels out the score! Open from <strong>8 a.m. to 11 p.m.<\/strong>, equipment is available free of charge at the bar.<\/p><p class=\"wording bg-2\" style=\"text-align: right;\"  >Fun &amp; <span class=\"fc-span\">amusement<\/span><\/p><\/div><\/div><div class=\"columns sec-15\"><div class=\"columns__item fade-right\" style=\"align-self:center;\"><h2>Workshops and entertainment for young and old<\/h2><p    >From July 6 to August 30, children aged 5 to 12 can take part in supervised workshops such as origami-making or gardening. Fun, creative and sporting activities are on offer for the whole family, and summer evenings offer themed meals, bingo and musical performances for memorable, convivial moments.<\/p><\/div><div class=\"columns__item fade-left\"><div class=\"gallery f-carousel fc-diapo-mob\" data-fancybox=\"gallery-mob\"><figure class=\"gallery__item\"><picture><source srcset=\"https:\/\/www.leparcdelagreve.com\/wp-content\/uploads\/2025\/11\/IMG_20240817_194306-1-420x315.webp\" media=\"(max-width: 210px)\"><source srcset=\"https:\/\/www.leparcdelagreve.com\/wp-content\/uploads\/2025\/11\/IMG_20240817_194306-1-850x638.webp\" media=\"(max-width: 420px)\"><source srcset=\"https:\/\/www.leparcdelagreve.com\/wp-content\/uploads\/2025\/11\/IMG_20240817_194306-1-768x576.webp\" media=\"(max-width: 850px)\"><source srcset=\"https:\/\/www.leparcdelagreve.com\/wp-content\/uploads\/2025\/11\/IMG_20240817_194306-1-1024x768.webp\" media=\"(max-width: 1024px)\"><source srcset=\"https:\/\/www.leparcdelagreve.com\/wp-content\/uploads\/2025\/11\/IMG_20240817_194306-1.webp\" media=\"(min-width: 1025px)\"><img decoding=\"async\" src=\"https:\/\/www.leparcdelagreve.com\/wp-content\/uploads\/2025\/11\/IMG_20240817_194306-1-420x315.webp\" width=\"420\" height=\"210\" loading=\"lazy\" alt=\"\" title=\"\"><\/picture><\/figure><figure class=\"gallery__item\"><picture><source srcset=\"https:\/\/www.leparcdelagreve.com\/wp-content\/uploads\/2025\/11\/photo-638403318104423271-2-420x201.webp\" media=\"(max-width: 210px)\"><source srcset=\"https:\/\/www.leparcdelagreve.com\/wp-content\/uploads\/2025\/11\/photo-638403318104423271-2-850x406.webp\" media=\"(max-width: 420px)\"><source srcset=\"https:\/\/www.leparcdelagreve.com\/wp-content\/uploads\/2025\/11\/photo-638403318104423271-2-768x367.webp\" media=\"(max-width: 850px)\"><source srcset=\"https:\/\/www.leparcdelagreve.com\/wp-content\/uploads\/2025\/11\/photo-638403318104423271-2-1024x490.webp\" media=\"(max-width: 1024px)\"><source srcset=\"https:\/\/www.leparcdelagreve.com\/wp-content\/uploads\/2025\/11\/photo-638403318104423271-2.webp\" media=\"(min-width: 1025px)\"><img decoding=\"async\" src=\"https:\/\/www.leparcdelagreve.com\/wp-content\/uploads\/2025\/11\/photo-638403318104423271-2-420x201.webp\" width=\"420\" height=\"210\" loading=\"lazy\" alt=\"\" title=\"\"><\/picture><\/figure><\/div><\/div><\/div><div class=\"columns mini\" style=\"align-items:center;\"><div class=\"columns__item flex-05 fade-left\" style=\"align-self:center;\"><p class=\"wording\"   >Something <span class=\"fc-span\">for<\/span> everyone<\/p><\/div><div class=\"columns__item fade-right\" style=\"align-self:center;\"><h2>Arcade games and library<\/h2><p    >For rainy days or moments of relaxation, take advantage of the <strong>games room<\/strong> with air field hockey, pinball and table soccer. The <strong>library <\/strong>and <strong>games library <\/strong>offer books and board games to read or play in your accommodation, either on site or on loan. Open from 9am to 11pm.<\/p><\/div><\/div>","protected":false},"excerpt":{"rendered":"<p>Leisure activities at Le Parc de la Gr\u00e8ve Campsite Don&#8217;t wait any longer! Playground and fun at the campsite At Ushua\u00efa Villages Le Parc de la Gr\u00e8ve Campsite, your vacation rhymes with fun and activity. Your children can have hours of fun in our playground, equipped with swings, huts, slides, climbing wall and spring-loaded games. [&hellip;]<\/p>\n","protected":false},"author":1,"featured_media":0,"parent":0,"menu_order":0,"comment_status":"open","ping_status":"open","template":"","meta":{"_acf_changed":false,"footnotes":""},"acf":[],"_links":{"self":[{"href":"https:\/\/www.leparcdelagreve.com\/en\/wp-json\/wp\/v2\/pages\/1048"}],"collection":[{"href":"https:\/\/www.leparcdelagreve.com\/en\/wp-json\/wp\/v2\/pages"}],"about":[{"href":"https:\/\/www.leparcdelagreve.com\/en\/wp-json\/wp\/v2\/types\/page"}],"author":[{"embeddable":true,"href":"https:\/\/www.leparcdelagreve.com\/en\/wp-json\/wp\/v2\/users\/1"}],"replies":[{"embeddable":true,"href":"https:\/\/www.leparcdelagreve.com\/en\/wp-json\/wp\/v2\/comments?post=1048"}],"version-history":[{"count":1,"href":"https:\/\/www.leparcdelagreve.com\/en\/wp-json\/wp\/v2\/pages\/1048\/revisions"}],"predecessor-version":[{"id":1049,"href":"https:\/\/www.leparcdelagreve.com\/en\/wp-json\/wp\/v2\/pages\/1048\/revisions\/1049"}],"wp:attachment":[{"href":"https:\/\/www.leparcdelagreve.com\/en\/wp-json\/wp\/v2\/media?parent=1048"}],"curies":[{"name":"wp","href":"https:\/\/api.w.org\/{rel}","templated":true}]}}