{"id":1050,"date":"2025-10-23T14:45:23","date_gmt":"2025-10-23T12:45:23","guid":{"rendered":"https:\/\/www.leparcdelagreve.com\/news-and-offers\/"},"modified":"2026-03-25T16:18:17","modified_gmt":"2026-03-25T15:18:17","slug":"news-and-offers","status":"publish","type":"page","link":"https:\/\/www.leparcdelagreve.com\/en\/news-and-offers\/","title":{"rendered":"News and offers"},"content":{"rendered":"<div class=\"diaporama-header align-full\"><div class=\"gallery\"><figure class=\"gallery__item\"><picture><source srcset=\"https:\/\/www.leparcdelagreve.com\/wp-content\/uploads\/2025\/11\/Le-Parc-de-la-Greve-Escapades_070623-24_0-420x279.webp\" media=\"(max-width: 210px)\"><source srcset=\"https:\/\/www.leparcdelagreve.com\/wp-content\/uploads\/2025\/11\/Le-Parc-de-la-Greve-Escapades_070623-24_0-850x565.webp\" media=\"(max-width: 420px)\"><source srcset=\"https:\/\/www.leparcdelagreve.com\/wp-content\/uploads\/2025\/11\/Le-Parc-de-la-Greve-Escapades_070623-24_0-768x511.webp\" media=\"(max-width: 850px)\"><source srcset=\"https:\/\/www.leparcdelagreve.com\/wp-content\/uploads\/2025\/11\/Le-Parc-de-la-Greve-Escapades_070623-24_0-1024x681.webp\" media=\"(max-width: 1024px)\"><source srcset=\"https:\/\/www.leparcdelagreve.com\/wp-content\/uploads\/2025\/11\/Le-Parc-de-la-Greve-Escapades_070623-24_0.webp\" media=\"(min-width: 1025px)\"><img loading=\"lazy\" decoding=\"async\" src=\"https:\/\/www.leparcdelagreve.com\/wp-content\/uploads\/2025\/11\/Le-Parc-de-la-Greve-Escapades_070623-24_0-420x279.webp\" width=\"420\" height=\"210\" alt=\"\" title=\"\"><\/picture><\/figure><\/div><div class=\"diaporama-header__inner\"><h1 class=\"right\">News at <span class=\"fc-span\">Le Parc de la Gr\u00e8ve**** Campsite<\/span><\/h1><div class=\"group hide-mob\"><p class=\"center\" style=\"text-align: center;\"  >Don&#8217;t wait any longer!<\/p><div class=\"buttons display-flex \" style=\"justify-content:center;\"><span class=\"buttons__btn btn-resa is-style-1\">Book now <span class=\"fc-icon\"><svg xmlns=\"http:\/\/www.w3.org\/2000\/svg\"  viewBox=\"0 0 448 512\" width=\"16px\" height=\"16px\"><!--! Font Awesome Pro 6.4.2 by @fontawesome - https:\/\/fontawesome.com License - https:\/\/fontawesome.com\/license (Commercial License) Copyright 2023 Fonticons, Inc.--><path d=\"M438.6 278.6c12.5-12.5 12.5-32.8 0-45.3l-160-160c-12.5-12.5-32.8-12.5-45.3 0s-12.5 32.8 0 45.3L338.8 224 32 224c-17.7 0-32 14.3-32 32s14.3 32 32 32l306.7 0L233.4 393.4c-12.5 12.5-12.5 32.8 0 45.3s32.8 12.5 45.3 0l160-160z\"\/><\/svg><\/span><\/span><\/div><figure class=\"bg\"><picture><source srcset=\"https:\/\/www.leparcdelagreve.com\/wp-content\/uploads\/2025\/10\/form-group-420x96.webp\" media=\"(max-width: 210px)\"><source srcset=\"https:\/\/www.leparcdelagreve.com\/wp-content\/uploads\/2025\/10\/form-group-850x194.webp\" media=\"(max-width: 420px)\"><source srcset=\"https:\/\/www.leparcdelagreve.com\/wp-content\/uploads\/2025\/10\/form-group-768x176.webp\" media=\"(max-width: 850px)\"><source srcset=\"https:\/\/www.leparcdelagreve.com\/wp-content\/uploads\/2025\/10\/form-group-1024x234.webp\" media=\"(max-width: 1024px)\"><source srcset=\"https:\/\/www.leparcdelagreve.com\/wp-content\/uploads\/2025\/10\/form-group.webp\" media=\"(min-width: 1025px)\"><img decoding=\"async\" src=\"https:\/\/www.leparcdelagreve.com\/wp-content\/uploads\/2025\/10\/form-group-420x96.webp\" width=\"420\" height=\"210\" loading=\"lazy\" alt=\"\" title=\"\"><\/picture><\/figure><\/div><figure class=\"form\"><picture><source srcset=\"https:\/\/www.leparcdelagreve.com\/wp-content\/uploads\/2025\/10\/form-diapo-header-420x28.webp\" media=\"(max-width: 210px)\"><source srcset=\"https:\/\/www.leparcdelagreve.com\/wp-content\/uploads\/2025\/10\/form-diapo-header-850x57.webp\" media=\"(max-width: 420px)\"><source srcset=\"https:\/\/www.leparcdelagreve.com\/wp-content\/uploads\/2025\/10\/form-diapo-header-768x51.webp\" media=\"(max-width: 850px)\"><source srcset=\"https:\/\/www.leparcdelagreve.com\/wp-content\/uploads\/2025\/10\/form-diapo-header-1024x68.webp\" media=\"(max-width: 1024px)\"><source srcset=\"https:\/\/www.leparcdelagreve.com\/wp-content\/uploads\/2025\/10\/form-diapo-header.webp\" media=\"(min-width: 1025px)\"><img loading=\"lazy\" decoding=\"async\" src=\"https:\/\/www.leparcdelagreve.com\/wp-content\/uploads\/2025\/10\/form-diapo-header-420x28.webp\" width=\"420\" height=\"210\" alt=\"\" title=\"\"><\/picture><\/figure><\/div><\/div><h2 class=\"h1\" style=\"text-align: center;\">Our news<\/h2><div class=\"columns cards\"><div class=\"columns__item\"><h3>Cancellation insurance<\/h3><p    >New: Cancellation insurance without proof A new way to leave for holidays with a light mind At **** Ushua\u00efa Villages Le Parc de la Gr\u00e8ve campsite, we&#8230;<\/p><div class=\"buttons\"><a href=\"https:\/\/www.leparcdelagreve.com\/en\/news-and-offers\/cancellation-insurance\/\" rel=\"noreferrer noopener\" rel=\"noreferrer noopener\" class=\"buttons__btn\">Read more<\/a><\/div><\/div><div class=\"columns__item\"><h3>Short stay<\/h3><p    >Short stay in the Vend\u00e9e region: freedom and flexibility at Le Parc de la Gr\u00e8ve campsite Looking for a getaway in Vend\u00e9e, with no restrictions on dates&#8230;<\/p><div class=\"buttons\"><a href=\"https:\/\/www.leparcdelagreve.com\/en\/news-and-offers\/short-stay\/\" rel=\"noreferrer noopener\" rel=\"noreferrer noopener\" class=\"buttons__btn\">Read more<\/a><\/div><\/div><div class=\"columns__item\"><h3>Family events<\/h3><p    >Weddings, birthdays, cousinades: make the most of your events in Vend\u00e9e! You&#8217;re attending a wedding or family reunion in L&#8217;Aiguillon-sur-Vie or&#8230; <\/p><div class=\"buttons\"><a href=\"https:\/\/www.leparcdelagreve.com\/actualites-offres\/evenements-familiaux\/\" rel=\"noreferrer noopener\" rel=\"noreferrer noopener\" class=\"buttons__btn\">Read more<\/a><\/div><\/div><\/div><h2 class=\"h1\" style=\"text-align: center;\">Our offers &amp; packages<\/h2><div class=\"columns cards\"><div class=\"columns__item\"><h3>Hotel formula<\/h3><p    >The Hotel Formula at Camping Ushua\u00efa Villages Le Parc de la Gr\u00e8ve Discover a unique holiday experience in the heart of L&#8217;Aiguillon sur Vie,&#8230;<\/p><div class=\"buttons\"><a href=\"https:\/\/www.leparcdelagreve.com\/en\/news-and-offers\/hotel-style-package\/\" rel=\"noreferrer noopener\" rel=\"noreferrer noopener\" class=\"buttons__btn\">Read more<\/a><\/div><\/div><div class=\"columns__item\"><h3>Weekend package<\/h3><p    >La Formule Weekend Semi-H\u00f4teli\u00e8re \u00e0 l\u2019Aiguillon sur Vie Offrez-vous une escapade relaxante et sans souci au c\u0153ur de l\u2019Aiguillon sur Vie avec notre Formule\u2026<\/p><div class=\"buttons\"><a href=\"https:\/\/www.leparcdelagreve.com\/en\/news-and-offers\/weekend-package-2\/\" rel=\"noreferrer noopener\" rel=\"noreferrer noopener\" class=\"buttons__btn\">Read more<\/a><\/div><\/div><div class=\"columns__item\"><\/div><\/div><h2 class=\"h1\" style=\"text-align: center;\">Our blog<\/h2><div class=\"columns cards\"><div class=\"columns__item\"><h3>Affordable campsite<\/h3><p    >Your inexpensive campsite in L&#8217;Aiguillon-sur-Vie Looking for a vacation without breaking the bank, in a peaceful, green setting? Welcome to Camping pas cher&#8230; <\/p><div class=\"buttons\"><a href=\"https:\/\/www.leparcdelagreve.com\/en\/news-and-offers\/affordable-campsite\/\" rel=\"noreferrer noopener\" rel=\"noreferrer noopener\" class=\"buttons__btn\">Read more<\/a><\/div><\/div><div class=\"columns__item\"><h3>Bikers<\/h3><p    >Motorcycle getaway at -Le Parc de la Gr\u00e8ve campsite Treat yourself to an evening of relaxation in the Vend\u00e9e, in a welcoming and comfortable setting. Whether it&#8217;s&#8230; <\/p><div class=\"buttons\"><a href=\"https:\/\/www.leparcdelagreve.com\/actualites-offres\/motards\/\" rel=\"noreferrer noopener\" rel=\"noreferrer noopener\" class=\"buttons__btn\">Read more<\/a><\/div><\/div><div class=\"columns__item\"><h3>Arrives daily<\/h3><p    >At Parc de la Gr\u00e8ve, near Saint Gilles Croix de Vie, we welcome holidaymakers every day of the week \u2013 whether it\u2019s Monday, Tuesday, Wednesday, Thursday, Friday, Saturday or Sunday.<\/p><div class=\"buttons\"><a href=\"https:\/\/www.leparcdelagreve.com\/en\/news-and-offers\/arrives-daily\/\" rel=\"noreferrer noopener\" rel=\"noreferrer noopener\" class=\"buttons__btn\">Read more<\/a><\/div><\/div><\/div><div class=\"columns cards\"><div class=\"columns__item\"><h3>The beaches<\/h3><p    >Located just a few minutes from the Vend\u00e9e coastline, <strong>Camping Ushua\u00efa Villages Le Parc de la Gr\u00e8ve<\/strong> is ideally placed for discovering a wide variety of <strong>Vend\u00e9e beaches<\/strong>.<\/p><div class=\"buttons\"><a href=\"https:\/\/www.leparcdelagreve.com\/en\/news-and-offers\/the-beaches\/\" rel=\"noreferrer noopener\" rel=\"noreferrer noopener\" class=\"buttons__btn\">Read more<\/a><\/div><\/div><div class=\"columns__item\"><h3>Island of Yeu<\/h3><p    >The Ushua\u00efa Villages Le Parc de la Gr\u00e8ve campsite is the perfect base from which to explore one of the most beautiful islands on the Atlantic coast: \u00cele d\u2019Yeu.<\/p><div class=\"buttons\"><a href=\"https:\/\/www.leparcdelagreve.com\/en\/news-and-offers\/island-of-yeu\/\" rel=\"noreferrer noopener\" rel=\"noreferrer noopener\" class=\"buttons__btn\">Read more<\/a><\/div><\/div><div class=\"columns__item\"><h3>Puy du fou<\/h3><p    >During your stay at <strong>Camping Ushua\u00efa Villages Le Parc de la Gr\u00e8ve<\/strong>, don&#8217;t miss one of the most spectacular sites in the Vend\u00e9e: Puy du Fou.<\/p><div class=\"buttons\"><a href=\"https:\/\/www.leparcdelagreve.com\/en\/news-and-offers\/le-puy-du-fou\/\" rel=\"noreferrer noopener\" rel=\"noreferrer noopener\" class=\"buttons__btn\">Read more<\/a><\/div><\/div><\/div>","protected":false},"excerpt":{"rendered":"<p>News at Le Parc de la Gr\u00e8ve**** Campsite Don&#8217;t wait any longer! Our news Cancellation insurance New: Cancellation insurance without proof A new way to leave for holidays with a light mind At **** Ushua\u00efa Villages Le Parc de la Gr\u00e8ve campsite, we&#8230; Short stay Short stay in the Vend\u00e9e region: freedom and flexibility at [&hellip;]<\/p>\n","protected":false},"author":1,"featured_media":0,"parent":0,"menu_order":0,"comment_status":"open","ping_status":"open","template":"","meta":{"_acf_changed":false,"footnotes":""},"acf":[],"_links":{"self":[{"href":"https:\/\/www.leparcdelagreve.com\/en\/wp-json\/wp\/v2\/pages\/1050"}],"collection":[{"href":"https:\/\/www.leparcdelagreve.com\/en\/wp-json\/wp\/v2\/pages"}],"about":[{"href":"https:\/\/www.leparcdelagreve.com\/en\/wp-json\/wp\/v2\/types\/page"}],"author":[{"embeddable":true,"href":"https:\/\/www.leparcdelagreve.com\/en\/wp-json\/wp\/v2\/users\/1"}],"replies":[{"embeddable":true,"href":"https:\/\/www.leparcdelagreve.com\/en\/wp-json\/wp\/v2\/comments?post=1050"}],"version-history":[{"count":8,"href":"https:\/\/www.leparcdelagreve.com\/en\/wp-json\/wp\/v2\/pages\/1050\/revisions"}],"predecessor-version":[{"id":1297,"href":"https:\/\/www.leparcdelagreve.com\/en\/wp-json\/wp\/v2\/pages\/1050\/revisions\/1297"}],"wp:attachment":[{"href":"https:\/\/www.leparcdelagreve.com\/en\/wp-json\/wp\/v2\/media?parent=1050"}],"curies":[{"name":"wp","href":"https:\/\/api.w.org\/{rel}","templated":true}]}}