{"id":1057,"date":"2025-10-23T14:45:24","date_gmt":"2025-10-23T12:45:24","guid":{"rendered":"https:\/\/www.leparcdelagreve.com\/news-and-offers\/hotel-style-package\/"},"modified":"2025-12-19T18:22:34","modified_gmt":"2025-12-19T17:22:34","slug":"hotel-style-package","status":"publish","type":"page","link":"https:\/\/www.leparcdelagreve.com\/en\/news-and-offers\/hotel-style-package\/","title":{"rendered":"Hotel style package"},"content":{"rendered":"<div class=\"buttons\"><a href=\"https:\/\/www.leparcdelagreve.com\/en\/news-and-offers\/\" rel=\"noreferrer noopener\" rel=\"noreferrer noopener\" class=\"buttons__btn btn-retour\">Back<\/a><\/div><div class=\"group\"><h1>Stay in Ushua\u00efa Villages Le Parc de la Gr\u00e8ve**** in an hotel formula<\/h1><p    >Discover a unique holiday experience in the heart of L\u2019Aiguillon-sur-Vie, in the beautiful Pays de Saint Gilles Croix de Vie area in Vend\u00e9e. Camping Ushua\u00efa Villages Le Parc de la Gr\u00e8ve invites you to enjoy its <strong>Hotel-Style Package<\/strong>, an exclusive accommodation option available Saturday night only, in our <strong>Home \u00c9vasion<\/strong> mobile homes for 3 people and our <strong>Home Plaisir<\/strong> mobile homes with two bedrooms. This special offer is available throughout the season, excluding Ascension weekend and from 5 July to 29 August. Enjoy all the comfort of a Vend\u00e9e campsite, enhanced with a touch of elegance, convenience and premium services\u2014ideal for a short getaway or a refined camping experience.   <\/p><h2>A worry-free stay<\/h2><p   id=\"gid_0\" >The Hotel-Style Package has been designed to offer you a pleasant, hassle-free overnight stay. Upon arrival on Saturday evening,<g id=\"gid_0\"> your beds are fully made<\/g> and <g id=\"gid_1\">bath linen is included<\/g>, ensuring immediate comfort and a smooth check-in. There\u2019s no need to worry about bedding\u2014simply relax and enjoy your getaway to the fullest.  <\/p><h2>A french style breakfast<\/h2><p    >Start your day in complete peace of mind with a <strong>breakfast included<\/strong>. A hot drink, a croissant, a quarter baguette, butter and jam, along with a glass of orange juice, await you for a delicious and stress-free morning. <\/p><h2>Housekeeping Included: Enjoy Every Moment Worry-Free<\/h2><p    >One of the key benefits of this exclusive package is the <strong>included end-of-stay cleaning service<\/strong>. Make the most of every moment without worrying about household chores, and fully immerse yourself in discovering Vend\u00e9e and its charming surroundings, in total comfort and peace of mind. <\/p><h2>flexible in and out checking time<\/h2><p    >Check-in is available from 3:00 PM to 6:00 PM, with check-out before 12:00 PM. For greater flexibility and a seamless experience, <strong>early check-in<\/strong> or <strong>late check-out<\/strong> options can be arranged when booking, tailored to your personal schedule. <\/p><h2>easy booking<\/h2><p    >Plan your getaway in just a few clicks and book your stay online. Enjoy a comfortable night surrounded by an exceptional natural setting, with the assurance of professional and attentive service. <\/p><h2>Discover the seamless blend of camping charm and refined comfort<\/h2><p    >The Hotel-Style Package seamlessly blends the charm of camping with the comfort of semi-hotel services. Enjoy a pleasant, hassle-free night, flexible options, and a truly memorable experience. Book now and indulge in the effortless comfort and refined simplicity of Camping Ushua\u00efa Villages Le Parc de la Gr\u00e8ve.  <\/p><\/div>","protected":false},"excerpt":{"rendered":"<p>Stay in Ushua\u00efa Villages Le Parc de la Gr\u00e8ve**** in an hotel formula Discover a unique holiday experience in the heart of L\u2019Aiguillon-sur-Vie, in the beautiful Pays de Saint Gilles Croix de Vie area in Vend\u00e9e. Camping Ushua\u00efa Villages Le Parc de la Gr\u00e8ve invites you to enjoy its Hotel-Style Package, an exclusive accommodation option [&hellip;]<\/p>\n","protected":false},"author":1,"featured_media":0,"parent":1050,"menu_order":0,"comment_status":"closed","ping_status":"closed","template":"","meta":{"_acf_changed":false,"footnotes":""},"acf":[],"_links":{"self":[{"href":"https:\/\/www.leparcdelagreve.com\/en\/wp-json\/wp\/v2\/pages\/1057"}],"collection":[{"href":"https:\/\/www.leparcdelagreve.com\/en\/wp-json\/wp\/v2\/pages"}],"about":[{"href":"https:\/\/www.leparcdelagreve.com\/en\/wp-json\/wp\/v2\/types\/page"}],"author":[{"embeddable":true,"href":"https:\/\/www.leparcdelagreve.com\/en\/wp-json\/wp\/v2\/users\/1"}],"replies":[{"embeddable":true,"href":"https:\/\/www.leparcdelagreve.com\/en\/wp-json\/wp\/v2\/comments?post=1057"}],"version-history":[{"count":1,"href":"https:\/\/www.leparcdelagreve.com\/en\/wp-json\/wp\/v2\/pages\/1057\/revisions"}],"predecessor-version":[{"id":1058,"href":"https:\/\/www.leparcdelagreve.com\/en\/wp-json\/wp\/v2\/pages\/1057\/revisions\/1058"}],"up":[{"embeddable":true,"href":"https:\/\/www.leparcdelagreve.com\/en\/wp-json\/wp\/v2\/pages\/1050"}],"wp:attachment":[{"href":"https:\/\/www.leparcdelagreve.com\/en\/wp-json\/wp\/v2\/media?parent=1057"}],"curies":[{"name":"wp","href":"https:\/\/api.w.org\/{rel}","templated":true}]}}