{"id":1063,"date":"2025-10-23T14:45:24","date_gmt":"2025-10-23T12:45:24","guid":{"rendered":"https:\/\/www.leparcdelagreve.com\/pets\/"},"modified":"2025-12-20T18:17:55","modified_gmt":"2025-12-20T17:17:55","slug":"pets","status":"publish","type":"page","link":"https:\/\/www.leparcdelagreve.com\/en\/pets\/","title":{"rendered":"Pets"},"content":{"rendered":"<div class=\"diaporama-header align-full\"><div class=\"gallery\"><figure class=\"gallery__item\"><picture><source srcset=\"https:\/\/www.leparcdelagreve.com\/wp-content\/uploads\/2025\/11\/photo-636467099981612944-2-420x208.webp\" media=\"(max-width: 210px)\"><source srcset=\"https:\/\/www.leparcdelagreve.com\/wp-content\/uploads\/2025\/11\/photo-636467099981612944-2-850x421.webp\" media=\"(max-width: 420px)\"><source srcset=\"https:\/\/www.leparcdelagreve.com\/wp-content\/uploads\/2025\/11\/photo-636467099981612944-2-768x381.webp\" media=\"(max-width: 850px)\"><source srcset=\"https:\/\/www.leparcdelagreve.com\/wp-content\/uploads\/2025\/11\/photo-636467099981612944-2-1024x508.webp\" media=\"(max-width: 1024px)\"><source srcset=\"https:\/\/www.leparcdelagreve.com\/wp-content\/uploads\/2025\/11\/photo-636467099981612944-2.webp\" media=\"(min-width: 1025px)\"><img loading=\"lazy\" decoding=\"async\" src=\"https:\/\/www.leparcdelagreve.com\/wp-content\/uploads\/2025\/11\/photo-636467099981612944-2-420x208.webp\" width=\"420\" height=\"210\" alt=\"\" title=\"\"><\/picture><\/figure><\/div><div class=\"diaporama-header__inner\"><h1 class=\"right\"><span class=\"fc-span\">Our pets friends at the Campsite<\/span><\/h1><div class=\"group hide-mob\"><p class=\"center\" style=\"text-align: center;\"  >Don&#8217;t wait any longer!<\/p><div class=\"buttons display-flex \" style=\"justify-content:center;\"><span class=\"buttons__btn btn-resa is-style-1\">Book now <span class=\"fc-icon\"><svg xmlns=\"http:\/\/www.w3.org\/2000\/svg\"  viewBox=\"0 0 448 512\" width=\"16px\" height=\"16px\"><!--! Font Awesome Pro 6.4.2 by @fontawesome - https:\/\/fontawesome.com License - https:\/\/fontawesome.com\/license (Commercial License) Copyright 2023 Fonticons, Inc.--><path d=\"M438.6 278.6c12.5-12.5 12.5-32.8 0-45.3l-160-160c-12.5-12.5-32.8-12.5-45.3 0s-12.5 32.8 0 45.3L338.8 224 32 224c-17.7 0-32 14.3-32 32s14.3 32 32 32l306.7 0L233.4 393.4c-12.5 12.5-12.5 32.8 0 45.3s32.8 12.5 45.3 0l160-160z\"\/><\/svg><\/span><\/span><\/div><figure class=\"bg\"><picture><source srcset=\"https:\/\/www.leparcdelagreve.com\/wp-content\/uploads\/2025\/10\/form-group-420x96.webp\" media=\"(max-width: 210px)\"><source srcset=\"https:\/\/www.leparcdelagreve.com\/wp-content\/uploads\/2025\/10\/form-group-850x194.webp\" media=\"(max-width: 420px)\"><source srcset=\"https:\/\/www.leparcdelagreve.com\/wp-content\/uploads\/2025\/10\/form-group-768x176.webp\" media=\"(max-width: 850px)\"><source srcset=\"https:\/\/www.leparcdelagreve.com\/wp-content\/uploads\/2025\/10\/form-group-1024x234.webp\" media=\"(max-width: 1024px)\"><source srcset=\"https:\/\/www.leparcdelagreve.com\/wp-content\/uploads\/2025\/10\/form-group.webp\" media=\"(min-width: 1025px)\"><img decoding=\"async\" src=\"https:\/\/www.leparcdelagreve.com\/wp-content\/uploads\/2025\/10\/form-group-420x96.webp\" width=\"420\" height=\"210\" loading=\"lazy\" alt=\"\" title=\"\"><\/picture><\/figure><\/div><figure class=\"form\"><picture><source srcset=\"https:\/\/www.leparcdelagreve.com\/wp-content\/uploads\/2025\/10\/form-diapo-header-420x28.webp\" media=\"(max-width: 210px)\"><source srcset=\"https:\/\/www.leparcdelagreve.com\/wp-content\/uploads\/2025\/10\/form-diapo-header-850x57.webp\" media=\"(max-width: 420px)\"><source srcset=\"https:\/\/www.leparcdelagreve.com\/wp-content\/uploads\/2025\/10\/form-diapo-header-768x51.webp\" media=\"(max-width: 850px)\"><source srcset=\"https:\/\/www.leparcdelagreve.com\/wp-content\/uploads\/2025\/10\/form-diapo-header-1024x68.webp\" media=\"(max-width: 1024px)\"><source srcset=\"https:\/\/www.leparcdelagreve.com\/wp-content\/uploads\/2025\/10\/form-diapo-header.webp\" media=\"(min-width: 1025px)\"><img loading=\"lazy\" decoding=\"async\" src=\"https:\/\/www.leparcdelagreve.com\/wp-content\/uploads\/2025\/10\/form-diapo-header-420x28.webp\" width=\"420\" height=\"210\" alt=\"\" title=\"\"><\/picture><\/figure><\/div><\/div><h2>Dogs and other pets admitted<\/h2><p    ><strong>Pet-friendly campsite in Vend\u00e9e<\/strong> near Saint-Gilles-Croix-de-Vie. At Le Parc de la Gr\u00e8ve campsite, located near Saint-Gilles-Croix-de-Vie on the Vend\u00e9e coast, your four-legged companions are very welcome. We know that pets are an important part of the family, and we are committed to making their stay as enjoyable as yours.. Our pet-friendly campsite offers a safe, peaceful, and welcoming environment, ensuring the comfort and well-being of all guests, both with and without pets. Simple campsite rules help everyone enjoy a relaxing holiday in Vend\u00e9e with their dogs. <\/p><h2>Chiens et chats, bienvenue au camping<\/h2><p    >Enjoy your holiday with your dog or cat in Vend\u00e9e. Going on holiday without your dog or cat? Unthinkable! At Le Parc de la Gr\u00e8ve campsite in Vend\u00e9e, your pets can enjoy the fresh sea air, open spaces, and a natural camping environment. To ensure a peaceful and safe stay for everyone, a few simple rules are in place and must be respected by all pet owners.  <\/p><h2>When Booking<\/h2><p    ><strong>Pet information required at the time of booking<\/strong>.When making your reservation at Le Parc de la Gr\u00e8ve campsite in Vend\u00e9e, please inform us if you are travelling with a pet. We kindly ask you to provide a copy of your pet\u2019s up-to-date health record or pet passport, including valid rabies vaccination..Although rabies vaccination is no longer mandatory in France, it is still required in public places and pet-friendly campsites such as Le Parc de la Gr\u00e8ve, in order to ensure the safety and well-being of all guests. <\/p><p    ><strong>Important notice :<\/strong><\/p><ul><li>Dogs Cat 1 and 2 are not accepted, even vaccinated\n<\/li><li>No pets allowed in some accomodations.\n<\/li><li>Cats are not allowed in mobile homes and chalet\n<\/li><\/ul><h2> On the field<\/h2><p    >For the well-being of everyone, some rules apply<\/p><ul><li>Dogs must be kept on a<strong> leash at all time<\/strong>s within the campsite.\n<\/li><li>Pets can be alone on your pitch or accomodation.\n<\/li><li>Some areas are<strong> forbidden for pets <\/strong>such as the pool area, sanitaries, kids area..\n<\/li><\/ul><p    >For the convenience of pet owners, <strong>dog waste bag dispensers are available<\/strong> at the entrance of the campsite and near the waste disposal area.<\/p><h2>To the beach<\/h2><p    >Dogs and beaches near Saint-Gilles-Croix-de-Vie. Your pets can enjoy the Vend\u00e9e coastline outside the summer season. From 1 June to 30 September, dogs are prohibited on most beaches in Saint-Gilles-Croix-de-Vie, Br\u00e9tignolles, and Brem-sur-Mer..However, dogs are still tolerated when <strong>kept on a leash<\/strong> in more natural and less crowded areas, such as the coastal stretch between La Sauzaie and the main beach of Saint-Gilles-Croix-de-Vie. These quieter spots are ideal for enjoying seaside walks with your dog while respecting local regulations.  <\/p><p    >At <strong>Le Parc de la Gr\u00e8ve campsite<\/strong>, we love welcoming your pets while ensuring a peaceful and enjoyable holiday for all campers. With a little care and respect for the rules, everyone\u2014humans and pets alike\u2014can make the most of their stay. <\/p>","protected":false},"excerpt":{"rendered":"<p>Our pets friends at the Campsite Don&#8217;t wait any longer! Dogs and other pets admitted Pet-friendly campsite in Vend\u00e9e near Saint-Gilles-Croix-de-Vie. At Le Parc de la Gr\u00e8ve campsite, located near Saint-Gilles-Croix-de-Vie on the Vend\u00e9e coast, your four-legged companions are very welcome. We know that pets are an important part of the family, and we are [&hellip;]<\/p>\n","protected":false},"author":1,"featured_media":0,"parent":0,"menu_order":0,"comment_status":"open","ping_status":"open","template":"","meta":{"_acf_changed":false,"footnotes":""},"acf":[],"_links":{"self":[{"href":"https:\/\/www.leparcdelagreve.com\/en\/wp-json\/wp\/v2\/pages\/1063"}],"collection":[{"href":"https:\/\/www.leparcdelagreve.com\/en\/wp-json\/wp\/v2\/pages"}],"about":[{"href":"https:\/\/www.leparcdelagreve.com\/en\/wp-json\/wp\/v2\/types\/page"}],"author":[{"embeddable":true,"href":"https:\/\/www.leparcdelagreve.com\/en\/wp-json\/wp\/v2\/users\/1"}],"replies":[{"embeddable":true,"href":"https:\/\/www.leparcdelagreve.com\/en\/wp-json\/wp\/v2\/comments?post=1063"}],"version-history":[{"count":1,"href":"https:\/\/www.leparcdelagreve.com\/en\/wp-json\/wp\/v2\/pages\/1063\/revisions"}],"predecessor-version":[{"id":1064,"href":"https:\/\/www.leparcdelagreve.com\/en\/wp-json\/wp\/v2\/pages\/1063\/revisions\/1064"}],"wp:attachment":[{"href":"https:\/\/www.leparcdelagreve.com\/en\/wp-json\/wp\/v2\/media?parent=1063"}],"curies":[{"name":"wp","href":"https:\/\/api.w.org\/{rel}","templated":true}]}}