{"id":1079,"date":"2025-10-23T14:45:24","date_gmt":"2025-10-23T12:45:24","guid":{"rendered":"https:\/\/www.leparcdelagreve.com\/sustainable-development\/"},"modified":"2026-01-06T18:40:18","modified_gmt":"2026-01-06T17:40:18","slug":"sustainable-development","status":"publish","type":"page","link":"https:\/\/www.leparcdelagreve.com\/en\/sustainable-development\/","title":{"rendered":"Sustainable Development"},"content":{"rendered":"<div class=\"diaporama-header align-full\"><div class=\"gallery\"><figure class=\"gallery__item\"><picture><source srcset=\"https:\/\/www.leparcdelagreve.com\/wp-content\/uploads\/2025\/11\/Le-Parc-de-la-Greve-ETANG-6-07.06.01-1-420x279.webp\" media=\"(max-width: 210px)\"><source srcset=\"https:\/\/www.leparcdelagreve.com\/wp-content\/uploads\/2025\/11\/Le-Parc-de-la-Greve-ETANG-6-07.06.01-1-850x565.webp\" media=\"(max-width: 420px)\"><source srcset=\"https:\/\/www.leparcdelagreve.com\/wp-content\/uploads\/2025\/11\/Le-Parc-de-la-Greve-ETANG-6-07.06.01-1-768x511.webp\" media=\"(max-width: 850px)\"><source srcset=\"https:\/\/www.leparcdelagreve.com\/wp-content\/uploads\/2025\/11\/Le-Parc-de-la-Greve-ETANG-6-07.06.01-1-1024x681.webp\" media=\"(max-width: 1024px)\"><source srcset=\"https:\/\/www.leparcdelagreve.com\/wp-content\/uploads\/2025\/11\/Le-Parc-de-la-Greve-ETANG-6-07.06.01-1.webp\" media=\"(min-width: 1025px)\"><img loading=\"lazy\" decoding=\"async\" src=\"https:\/\/www.leparcdelagreve.com\/wp-content\/uploads\/2025\/11\/Le-Parc-de-la-Greve-ETANG-6-07.06.01-1-420x279.webp\" width=\"420\" height=\"210\" alt=\"\" title=\"\"><\/picture><\/figure><\/div><div class=\"diaporama-header__inner\"><h1 class=\"right\">Eco-Friendly Camping and Sustainable Development at<span class=\"fc-span\"> Camping Le Parc de la Gr\u00e8ve<\/span><\/h1><div class=\"group hide-mob\"><p class=\"center\" style=\"text-align: center;\"  >Don&#8217;t wait any longer!<\/p><div class=\"buttons display-flex \" style=\"justify-content:center;\"><span class=\"buttons__btn btn-resa is-style-1\">Book now <span class=\"fc-icon\"><svg xmlns=\"http:\/\/www.w3.org\/2000\/svg\"  viewBox=\"0 0 448 512\" width=\"16px\" height=\"16px\"><!--! Font Awesome Pro 6.4.2 by @fontawesome - https:\/\/fontawesome.com License - https:\/\/fontawesome.com\/license (Commercial License) Copyright 2023 Fonticons, Inc.--><path d=\"M438.6 278.6c12.5-12.5 12.5-32.8 0-45.3l-160-160c-12.5-12.5-32.8-12.5-45.3 0s-12.5 32.8 0 45.3L338.8 224 32 224c-17.7 0-32 14.3-32 32s14.3 32 32 32l306.7 0L233.4 393.4c-12.5 12.5-12.5 32.8 0 45.3s32.8 12.5 45.3 0l160-160z\"\/><\/svg><\/span><\/span><\/div><figure class=\"bg\"><picture><source srcset=\"https:\/\/www.leparcdelagreve.com\/wp-content\/uploads\/2025\/10\/form-group-420x96.webp\" media=\"(max-width: 210px)\"><source srcset=\"https:\/\/www.leparcdelagreve.com\/wp-content\/uploads\/2025\/10\/form-group-850x194.webp\" media=\"(max-width: 420px)\"><source srcset=\"https:\/\/www.leparcdelagreve.com\/wp-content\/uploads\/2025\/10\/form-group-768x176.webp\" media=\"(max-width: 850px)\"><source srcset=\"https:\/\/www.leparcdelagreve.com\/wp-content\/uploads\/2025\/10\/form-group-1024x234.webp\" media=\"(max-width: 1024px)\"><source srcset=\"https:\/\/www.leparcdelagreve.com\/wp-content\/uploads\/2025\/10\/form-group.webp\" media=\"(min-width: 1025px)\"><img decoding=\"async\" src=\"https:\/\/www.leparcdelagreve.com\/wp-content\/uploads\/2025\/10\/form-group-420x96.webp\" width=\"420\" height=\"210\" loading=\"lazy\" alt=\"\" title=\"\"><\/picture><\/figure><\/div><figure class=\"form\"><picture><source srcset=\"https:\/\/www.leparcdelagreve.com\/wp-content\/uploads\/2025\/10\/form-diapo-header-420x28.webp\" media=\"(max-width: 210px)\"><source srcset=\"https:\/\/www.leparcdelagreve.com\/wp-content\/uploads\/2025\/10\/form-diapo-header-850x57.webp\" media=\"(max-width: 420px)\"><source srcset=\"https:\/\/www.leparcdelagreve.com\/wp-content\/uploads\/2025\/10\/form-diapo-header-768x51.webp\" media=\"(max-width: 850px)\"><source srcset=\"https:\/\/www.leparcdelagreve.com\/wp-content\/uploads\/2025\/10\/form-diapo-header-1024x68.webp\" media=\"(max-width: 1024px)\"><source srcset=\"https:\/\/www.leparcdelagreve.com\/wp-content\/uploads\/2025\/10\/form-diapo-header.webp\" media=\"(min-width: 1025px)\"><img loading=\"lazy\" decoding=\"async\" src=\"https:\/\/www.leparcdelagreve.com\/wp-content\/uploads\/2025\/10\/form-diapo-header-420x28.webp\" width=\"420\" height=\"210\" alt=\"\" title=\"\"><\/picture><\/figure><\/div><\/div><p    >At <strong>Ushua\u00efa Villages Camping Le Parc de la Gr\u00e8ve<\/strong>, near Saint Gilles Croix de Vie, <strong>sustainable development<\/strong> is not just a buzzword \u2013 it is part of our everyday life. As a <strong>Green Key <\/strong>certified campsite, we are committed to protecting nature and invite you to take part in our eco-friendly actions during your stay with us. <\/p><p    >Discover our environmental charter and the practical initiatives we have implemented as part of our commitment to sustainable and eco-friendly camping.<\/p><h2>Sort you waste. Easy and efficient<\/h2><p    >Since 2017, the Vend\u00e9e has been home to an <strong>ultra-modern sorting centre<\/strong> capable of processing 99.9% of our packaging waste. Your active participation helps to significantly reduce the amount of waste sent to landfill. <\/p><p    ><strong>How recycling works at Camping Le Parc de la Gr\u00e8ve<\/strong><\/p><ul><li>On arrival, you will be given a \u201c<strong>Tribag<\/strong>\u201d, a practical bag to help you sort your waste easily.\n<\/li><li>A small recycling and sorting area is located at the entrance to the car park:\n<ul><li><strong>Green container<\/strong>: glass bottles and jars\n<\/li><li><strong>Yellow container<\/strong>: all types of packaging \u2013 plastic, yoghurt pots, trays, and small cardboard boxes\n<\/li><li><strong>Brown container:<\/strong> Food waste (raw and cooked)\n<\/li><li><strong>Wooden shelf:<\/strong> oversized cardboard that doesn\u2019t fit in the yellow container (pizza boxes, large cartons, etc.)\n<\/li><li><strong>Black containers: general waste:<\/strong> food scraps and non-recyclable items\n<\/li><\/ul><\/li><\/ul><p    ><strong>Batteries, light bulbs, and used cooking oils<\/strong> can also be dropped off at the reception.<\/p><p    ><strong>Our aim<\/strong> is simple: better sorting today for a healthier planet tomorrow. Our team is on hand to guide you and answer any questions. <\/p><h2>Eco-friendly Maintenance and Cleaning<\/h2><p    >Parc Maitenance<\/p><ul><li><strong>No chemical pesticides <\/strong>are used on our site.\n<\/li><li>We control weeds using mechanical methods or heat, without chemicals.\n<\/li><li>We mainly use <strong>electric tools<\/strong> for mowing and pruning, which helps to minimise noise and pollution.\n<\/li><li>We shred green waste and use it as mulch, helping to save water and naturally enrich the soil.\n<\/li><\/ul><p    >Toilets, Showers and Shared Areas<\/p><ul><li>All products used are <strong>Ecocert-certified<\/strong>, helping to reduce any impact on health.\n<\/li><li>For example, we use green clay to clean the dishwashing sinks.\n<\/li><\/ul><h2>Managing Water and Energy Efficiently<\/h2><ul><li><strong>Water<\/strong>: we encourage responsible use on your pitch. Plant watering is restricted, and mulching helps save water. \n<\/li><li><strong>Swimming pool:<\/strong> our pool is heated using a<strong> heat pump<\/strong>, which helps lower energy use.\n<\/li><li><strong>Electricity<\/strong>: we use LED lighting and motion sensors to reduce energy wastage.\n<\/li><li><strong>Hot water system<\/strong>: insulated to minimise energy waste.\n<\/li><\/ul><h2>Eco-Friendly Transport<\/h2><p    >Within the campsite, all travel is <strong>on foot<\/strong>, bike, or <strong>electric cart<\/strong>. Guests are also encouraged to take bicycles for trips to the beach or the lake. <\/p><h2>For tomorrow<\/h2><p    >We are always looking for new initiatives to further reduce our environmental impact:<\/p><ul><li>Improving Efficiency in Hot Water and Electricity Production\n<\/li><li>Minimising Compostable Waste\n<\/li><li>Minimising Vehicle Impact on the Campsite\n<\/li><\/ul><p    >Every small action helps preserve our planet and ensure a healthy environment for generations to come.<\/p>","protected":false},"excerpt":{"rendered":"<p>Eco-Friendly Camping and Sustainable Development at Camping Le Parc de la Gr\u00e8ve Don&#8217;t wait any longer! At Ushua\u00efa Villages Camping Le Parc de la Gr\u00e8ve, near Saint Gilles Croix de Vie, sustainable development is not just a buzzword \u2013 it is part of our everyday life. As a Green Key certified campsite, we are committed [&hellip;]<\/p>\n","protected":false},"author":1,"featured_media":0,"parent":0,"menu_order":0,"comment_status":"open","ping_status":"open","template":"","meta":{"_acf_changed":false,"footnotes":""},"acf":[],"_links":{"self":[{"href":"https:\/\/www.leparcdelagreve.com\/en\/wp-json\/wp\/v2\/pages\/1079"}],"collection":[{"href":"https:\/\/www.leparcdelagreve.com\/en\/wp-json\/wp\/v2\/pages"}],"about":[{"href":"https:\/\/www.leparcdelagreve.com\/en\/wp-json\/wp\/v2\/types\/page"}],"author":[{"embeddable":true,"href":"https:\/\/www.leparcdelagreve.com\/en\/wp-json\/wp\/v2\/users\/1"}],"replies":[{"embeddable":true,"href":"https:\/\/www.leparcdelagreve.com\/en\/wp-json\/wp\/v2\/comments?post=1079"}],"version-history":[{"count":2,"href":"https:\/\/www.leparcdelagreve.com\/en\/wp-json\/wp\/v2\/pages\/1079\/revisions"}],"predecessor-version":[{"id":1082,"href":"https:\/\/www.leparcdelagreve.com\/en\/wp-json\/wp\/v2\/pages\/1079\/revisions\/1082"}],"wp:attachment":[{"href":"https:\/\/www.leparcdelagreve.com\/en\/wp-json\/wp\/v2\/media?parent=1079"}],"curies":[{"name":"wp","href":"https:\/\/api.w.org\/{rel}","templated":true}]}}