{"id":1086,"date":"2025-10-23T14:45:24","date_gmt":"2025-10-23T12:45:24","guid":{"rendered":"https:\/\/www.leparcdelagreve.com\/environmental-commitments\/"},"modified":"2026-03-25T15:00:50","modified_gmt":"2026-03-25T14:00:50","slug":"environmental-commitments","status":"publish","type":"page","link":"https:\/\/www.leparcdelagreve.com\/en\/environmental-commitments\/","title":{"rendered":"Environmental Commitments"},"content":{"rendered":"<div class=\"diaporama-header align-full\"><div class=\"gallery\"><figure class=\"gallery__item\"><picture><source srcset=\"https:\/\/www.leparcdelagreve.com\/wp-content\/uploads\/2025\/11\/Le-Parc-de-la-Greve-ETANG-13-07.06.01-420x279.webp\" media=\"(max-width: 210px)\"><source srcset=\"https:\/\/www.leparcdelagreve.com\/wp-content\/uploads\/2025\/11\/Le-Parc-de-la-Greve-ETANG-13-07.06.01-850x565.webp\" media=\"(max-width: 420px)\"><source srcset=\"https:\/\/www.leparcdelagreve.com\/wp-content\/uploads\/2025\/11\/Le-Parc-de-la-Greve-ETANG-13-07.06.01-768x511.webp\" media=\"(max-width: 850px)\"><source srcset=\"https:\/\/www.leparcdelagreve.com\/wp-content\/uploads\/2025\/11\/Le-Parc-de-la-Greve-ETANG-13-07.06.01-1024x681.webp\" media=\"(max-width: 1024px)\"><source srcset=\"https:\/\/www.leparcdelagreve.com\/wp-content\/uploads\/2025\/11\/Le-Parc-de-la-Greve-ETANG-13-07.06.01.webp\" media=\"(min-width: 1025px)\"><img loading=\"lazy\" decoding=\"async\" src=\"https:\/\/www.leparcdelagreve.com\/wp-content\/uploads\/2025\/11\/Le-Parc-de-la-Greve-ETANG-13-07.06.01-420x279.webp\" width=\"420\" height=\"210\" alt=\"\" title=\"\"><\/picture><\/figure><\/div><div class=\"diaporama-header__inner\"><h1 class=\"right\">Our<span class=\"fc-span\"> Environmental <\/span>Commitments<\/h1><div class=\"group hide-mob\"><p class=\"center\" style=\"text-align: center;\"  >Don&#8217;t wait any longer!<\/p><div class=\"buttons display-flex \" style=\"justify-content:center;\"><span class=\"buttons__btn btn-resa is-style-1\">Book now <span class=\"fc-icon\"><svg xmlns=\"http:\/\/www.w3.org\/2000\/svg\"  viewBox=\"0 0 448 512\" width=\"16px\" height=\"16px\"><!--! Font Awesome Pro 6.4.2 by @fontawesome - https:\/\/fontawesome.com License - https:\/\/fontawesome.com\/license (Commercial License) Copyright 2023 Fonticons, Inc.--><path d=\"M438.6 278.6c12.5-12.5 12.5-32.8 0-45.3l-160-160c-12.5-12.5-32.8-12.5-45.3 0s-12.5 32.8 0 45.3L338.8 224 32 224c-17.7 0-32 14.3-32 32s14.3 32 32 32l306.7 0L233.4 393.4c-12.5 12.5-12.5 32.8 0 45.3s32.8 12.5 45.3 0l160-160z\"\/><\/svg><\/span><\/span><\/div><figure class=\"bg\"><picture><source srcset=\"https:\/\/www.leparcdelagreve.com\/wp-content\/uploads\/2025\/10\/form-group-420x96.webp\" media=\"(max-width: 210px)\"><source srcset=\"https:\/\/www.leparcdelagreve.com\/wp-content\/uploads\/2025\/10\/form-group-850x194.webp\" media=\"(max-width: 420px)\"><source srcset=\"https:\/\/www.leparcdelagreve.com\/wp-content\/uploads\/2025\/10\/form-group-768x176.webp\" media=\"(max-width: 850px)\"><source srcset=\"https:\/\/www.leparcdelagreve.com\/wp-content\/uploads\/2025\/10\/form-group-1024x234.webp\" media=\"(max-width: 1024px)\"><source srcset=\"https:\/\/www.leparcdelagreve.com\/wp-content\/uploads\/2025\/10\/form-group.webp\" media=\"(min-width: 1025px)\"><img decoding=\"async\" src=\"https:\/\/www.leparcdelagreve.com\/wp-content\/uploads\/2025\/10\/form-group-420x96.webp\" width=\"420\" height=\"210\" loading=\"lazy\" alt=\"\" title=\"\"><\/picture><\/figure><\/div><figure class=\"form\"><picture><source srcset=\"https:\/\/www.leparcdelagreve.com\/wp-content\/uploads\/2025\/10\/form-diapo-header-420x28.webp\" media=\"(max-width: 210px)\"><source srcset=\"https:\/\/www.leparcdelagreve.com\/wp-content\/uploads\/2025\/10\/form-diapo-header-850x57.webp\" media=\"(max-width: 420px)\"><source srcset=\"https:\/\/www.leparcdelagreve.com\/wp-content\/uploads\/2025\/10\/form-diapo-header-768x51.webp\" media=\"(max-width: 850px)\"><source srcset=\"https:\/\/www.leparcdelagreve.com\/wp-content\/uploads\/2025\/10\/form-diapo-header-1024x68.webp\" media=\"(max-width: 1024px)\"><source srcset=\"https:\/\/www.leparcdelagreve.com\/wp-content\/uploads\/2025\/10\/form-diapo-header.webp\" media=\"(min-width: 1025px)\"><img loading=\"lazy\" decoding=\"async\" src=\"https:\/\/www.leparcdelagreve.com\/wp-content\/uploads\/2025\/10\/form-diapo-header-420x28.webp\" width=\"420\" height=\"210\" alt=\"\" title=\"\"><\/picture><\/figure><\/div><\/div><h2>Green key certified<\/h2><p    >Since 2020, our campsite has been certified with the <strong>Green Key eco-label,<\/strong> an official recognition of our sustainable approach. This internationally recognised label highlights our commitment to protecting nature and encourages us to continually go further in developing and improving our environmental initiatives. <\/p><h2>Measuring and Reducing Our Environmental Impact<\/h2><p    >The Green Key eco-label enables us to carefully assess our <strong>environmental footprint<\/strong> and identify practical solutions to reduce it. Every action matters, and we do everything we can to minimise our impact on local biodiversity. <\/p><h2>Local, Sustainable and Responsible Products<\/h2><p    >Our <strong>bistro <\/strong>prioritises local and organic products sourced from committed producers: Fred &amp; Seb veg&#8217;s farm, \u00c9ric from the Saint Gilles Croix de Vie fish market, C\u0153ur de Grange in Coex, Le Moulin des Gourmands in Saint R\u00e9v\u00e9rend, and the famous Noirmoutier potatoes. This approach supports the local economy while reducing the carbon footprint of our meals. A way to support the local economy while reducing the carbon footprint of our meals.<\/p><h2>Sustainable Waste Management<\/h2><p    >We <strong>minimise single-use packaging<\/strong> wherever possible: our cardboard pizza boxes have been replaced with washable boxes that can be returned to the bar. Measures are also in place to reduce the use of disposable water bottles and cleaning products. Both raw and cooked<strong> food waste is composted <\/strong>to recover and repurpose what can be reused. As we often say: the best waste is the waste you don\u2019t produce.<\/p><h2>Water and Natural Resources<\/h2><p    >Water is precious: in our accommodations, we encourage guests to drink <strong>high-quality tap water<\/strong> and provide <strong>reusable glass bottles <\/strong>at the bar for filtered still or sparkling water. Irrigation is limited to what is strictly necessary, such as the educational vegetable garden, window boxes, or delicate plants. In winter, mulching and shredding at the base of plants helps conserve water during the dry season.  <\/p><h2>Protecting Local Biodiversity<\/h2><p    >No pesticides are used on the campsite, ensuring the safety of people, plants, and animals. <strong>Biodiversity workshops<\/strong> are organised to help guests better understand and appreciate nature. Le Parc promotes slow tourism: taking the time to watch birds, admire the grey heron by the pond, or listen to the wind in the trees becomes a daily pleasure.  <\/p><h2>Sustainable Mobility<\/h2><p    ><strong>Electric cars<\/strong> are welcome: a charging station is available in the car park. Cycling is also encouraged to reach the beach, the lake, or to explore the many marked trails from the campsite, helping to reduce carbon emissions. <\/p><p    >At <strong>Le Parc de la Gr\u00e8ve campsite<\/strong>, we are proud to offer a space where nature and relaxation coexist in harmony. Here, slowing down, observing, and appreciating the environment comes naturally: welcome to our biodiversity oasis. <\/p>","protected":false},"excerpt":{"rendered":"<p>Our Environmental Commitments Don&#8217;t wait any longer! Green key certified Since 2020, our campsite has been certified with the Green Key eco-label, an official recognition of our sustainable approach. This internationally recognised label highlights our commitment to protecting nature and encourages us to continually go further in developing and improving our environmental initiatives. Measuring and [&hellip;]<\/p>\n","protected":false},"author":1,"featured_media":0,"parent":0,"menu_order":0,"comment_status":"open","ping_status":"open","template":"","meta":{"_acf_changed":false,"footnotes":""},"acf":[],"_links":{"self":[{"href":"https:\/\/www.leparcdelagreve.com\/en\/wp-json\/wp\/v2\/pages\/1086"}],"collection":[{"href":"https:\/\/www.leparcdelagreve.com\/en\/wp-json\/wp\/v2\/pages"}],"about":[{"href":"https:\/\/www.leparcdelagreve.com\/en\/wp-json\/wp\/v2\/types\/page"}],"author":[{"embeddable":true,"href":"https:\/\/www.leparcdelagreve.com\/en\/wp-json\/wp\/v2\/users\/1"}],"replies":[{"embeddable":true,"href":"https:\/\/www.leparcdelagreve.com\/en\/wp-json\/wp\/v2\/comments?post=1086"}],"version-history":[{"count":2,"href":"https:\/\/www.leparcdelagreve.com\/en\/wp-json\/wp\/v2\/pages\/1086\/revisions"}],"predecessor-version":[{"id":1284,"href":"https:\/\/www.leparcdelagreve.com\/en\/wp-json\/wp\/v2\/pages\/1086\/revisions\/1284"}],"wp:attachment":[{"href":"https:\/\/www.leparcdelagreve.com\/en\/wp-json\/wp\/v2\/media?parent=1086"}],"curies":[{"name":"wp","href":"https:\/\/api.w.org\/{rel}","templated":true}]}}