{"id":1095,"date":"2025-10-23T14:45:23","date_gmt":"2025-10-23T12:45:23","guid":{"rendered":"https:\/\/www.leparcdelagreve.com\/fish-pond\/"},"modified":"2026-01-22T16:13:03","modified_gmt":"2026-01-22T15:13:03","slug":"fish-pond","status":"publish","type":"page","link":"https:\/\/www.leparcdelagreve.com\/en\/fish-pond\/","title":{"rendered":"Fish pond"},"content":{"rendered":"<div class=\"diaporama-header align-full\"><div class=\"gallery\"><figure class=\"gallery__item\"><picture><source srcset=\"https:\/\/www.leparcdelagreve.com\/wp-content\/uploads\/2025\/11\/photo-637833898248273522-2-420x208.jpg.webp\" media=\"(max-width: 210px)\"><source srcset=\"https:\/\/www.leparcdelagreve.com\/wp-content\/uploads\/2025\/11\/photo-637833898248273522-2-850x422.jpg.webp\" media=\"(max-width: 420px)\"><source srcset=\"https:\/\/www.leparcdelagreve.com\/wp-content\/uploads\/2025\/11\/photo-637833898248273522-2-768x381.jpg.webp\" media=\"(max-width: 850px)\"><source srcset=\"https:\/\/www.leparcdelagreve.com\/wp-content\/uploads\/2025\/11\/photo-637833898248273522-2-1024x508.jpg.webp\" media=\"(max-width: 1024px)\"><source srcset=\"https:\/\/www.leparcdelagreve.com\/wp-content\/uploads\/2025\/11\/photo-637833898248273522-2.jpg.webp\" media=\"(min-width: 1025px)\"><img loading=\"lazy\" decoding=\"async\" src=\"https:\/\/www.leparcdelagreve.com\/wp-content\/uploads\/2025\/11\/photo-637833898248273522-2-420x208.jpg.webp\" width=\"420\" height=\"210\" alt=\"\" title=\"\"><\/picture><\/figure><\/div><div class=\"diaporama-header__inner\"><h1 class=\"right\">Fishing, Wildlife, and Nature Experiences Around Camping Le Parc de la Gr\u00e8ve, <span class=\"fc-span\">Saint-Gilles-Croix-de-Vie<\/span><br\/><\/h1><div class=\"group hide-mob\"><p class=\"center\" style=\"text-align: center;\"  >Don&#8217;t wait any longer!<\/p><div class=\"buttons display-flex \" style=\"justify-content:center;\"><span class=\"buttons__btn btn-resa is-style-1\">Book now <span class=\"fc-icon\"><svg xmlns=\"http:\/\/www.w3.org\/2000\/svg\"  viewBox=\"0 0 448 512\" width=\"16px\" height=\"16px\"><!--! Font Awesome Pro 6.4.2 by @fontawesome - https:\/\/fontawesome.com License - https:\/\/fontawesome.com\/license (Commercial License) Copyright 2023 Fonticons, Inc.--><path d=\"M438.6 278.6c12.5-12.5 12.5-32.8 0-45.3l-160-160c-12.5-12.5-32.8-12.5-45.3 0s-12.5 32.8 0 45.3L338.8 224 32 224c-17.7 0-32 14.3-32 32s14.3 32 32 32l306.7 0L233.4 393.4c-12.5 12.5-12.5 32.8 0 45.3s32.8 12.5 45.3 0l160-160z\"\/><\/svg><\/span><\/span><\/div><figure class=\"bg\"><picture><source srcset=\"https:\/\/www.leparcdelagreve.com\/wp-content\/uploads\/2025\/10\/form-group-420x96.webp\" media=\"(max-width: 210px)\"><source srcset=\"https:\/\/www.leparcdelagreve.com\/wp-content\/uploads\/2025\/10\/form-group-850x194.webp\" media=\"(max-width: 420px)\"><source srcset=\"https:\/\/www.leparcdelagreve.com\/wp-content\/uploads\/2025\/10\/form-group-768x176.webp\" media=\"(max-width: 850px)\"><source srcset=\"https:\/\/www.leparcdelagreve.com\/wp-content\/uploads\/2025\/10\/form-group-1024x234.webp\" media=\"(max-width: 1024px)\"><source srcset=\"https:\/\/www.leparcdelagreve.com\/wp-content\/uploads\/2025\/10\/form-group.webp\" media=\"(min-width: 1025px)\"><img decoding=\"async\" src=\"https:\/\/www.leparcdelagreve.com\/wp-content\/uploads\/2025\/10\/form-group-420x96.webp\" width=\"420\" height=\"210\" loading=\"lazy\" alt=\"\" title=\"\"><\/picture><\/figure><\/div><figure class=\"form\"><picture><source srcset=\"https:\/\/www.leparcdelagreve.com\/wp-content\/uploads\/2024\/12\/form-diapo-header.svg\" media=\"(max-width: 210px)\"><source srcset=\"https:\/\/www.leparcdelagreve.com\/wp-content\/uploads\/2024\/12\/form-diapo-header.svg\" media=\"(max-width: 420px)\"><source srcset=\"https:\/\/www.leparcdelagreve.com\/wp-content\/uploads\/2024\/12\/form-diapo-header.svg\" media=\"(max-width: 850px)\"><source srcset=\"https:\/\/www.leparcdelagreve.com\/wp-content\/uploads\/2024\/12\/form-diapo-header.svg\" media=\"(max-width: 1024px)\"><source srcset=\"https:\/\/www.leparcdelagreve.com\/wp-content\/uploads\/2024\/12\/form-diapo-header.svg\" media=\"(min-width: 1025px)\"><img loading=\"lazy\" decoding=\"async\" src=\"https:\/\/www.leparcdelagreve.com\/wp-content\/uploads\/2024\/12\/form-diapo-header.svg\" width=\"420\" height=\"210\" alt=\"\" title=\"\"><\/picture><\/figure><\/div><\/div><div class=\"columns has-blanc-bg-color has-bg align-full\" style=\"background-color:var(--blanc);\"><div class=\"columns__item\" style=\"align-self:flex-end;\"><h2>On-Site Fishing at Camping Le Parc de la Gr\u00e8ve<\/h2><p    >At Camping Le Parc de la Gr\u00e8ve, fishing is available directly on our 1,300 m\u00b2 pond, perfect for friendly family moments. Carp, roach, tench, and even eels can be caught, all in respect of nature thanks to catch-and-release fishing. Guests of all ages can share tips and tricks while enjoying a relaxing time by the water, right in the heart of the tree-filled campsite.  <\/p><p class=\"wording bg-2\" style=\"text-align: right;\"  >Discovery &amp; <span class=\"fc-span\">Conservation<\/span><\/p><\/div><div class=\"columns__item\"><div class=\"gallery height-adapt f-carousel fc-diapo\" data-fancybox=\"gallery\"><figure class=\"gallery__item\"><picture><source srcset=\"https:\/\/www.leparcdelagreve.com\/wp-content\/uploads\/2025\/11\/photo-637833898120798654-2-420x208.webp\" media=\"(max-width: 210px)\"><source srcset=\"https:\/\/www.leparcdelagreve.com\/wp-content\/uploads\/2025\/11\/photo-637833898120798654-2-850x422.webp\" media=\"(max-width: 420px)\"><source srcset=\"https:\/\/www.leparcdelagreve.com\/wp-content\/uploads\/2025\/11\/photo-637833898120798654-2-768x381.webp\" media=\"(max-width: 850px)\"><source srcset=\"https:\/\/www.leparcdelagreve.com\/wp-content\/uploads\/2025\/11\/photo-637833898120798654-2-1024x508.webp\" media=\"(max-width: 1024px)\"><source srcset=\"https:\/\/www.leparcdelagreve.com\/wp-content\/uploads\/2025\/11\/photo-637833898120798654-2.webp\" media=\"(min-width: 1025px)\"><img decoding=\"async\" src=\"https:\/\/www.leparcdelagreve.com\/wp-content\/uploads\/2025\/11\/photo-637833898120798654-2-420x208.webp\" width=\"420\" height=\"210\" loading=\"lazy\" alt=\"\" title=\"\"><\/picture><\/figure><figure class=\"gallery__item\"><picture><source srcset=\"https:\/\/www.leparcdelagreve.com\/wp-content\/uploads\/2025\/11\/Le-Parc-de-la-Greve-ETANG-6-07.06.01-420x279.webp\" media=\"(max-width: 210px)\"><source srcset=\"https:\/\/www.leparcdelagreve.com\/wp-content\/uploads\/2025\/11\/Le-Parc-de-la-Greve-ETANG-6-07.06.01-850x565.webp\" media=\"(max-width: 420px)\"><source srcset=\"https:\/\/www.leparcdelagreve.com\/wp-content\/uploads\/2025\/11\/Le-Parc-de-la-Greve-ETANG-6-07.06.01-768x511.webp\" media=\"(max-width: 850px)\"><source srcset=\"https:\/\/www.leparcdelagreve.com\/wp-content\/uploads\/2025\/11\/Le-Parc-de-la-Greve-ETANG-6-07.06.01-1024x681.webp\" media=\"(max-width: 1024px)\"><source srcset=\"https:\/\/www.leparcdelagreve.com\/wp-content\/uploads\/2025\/11\/Le-Parc-de-la-Greve-ETANG-6-07.06.01.webp\" media=\"(min-width: 1025px)\"><img decoding=\"async\" src=\"https:\/\/www.leparcdelagreve.com\/wp-content\/uploads\/2025\/11\/Le-Parc-de-la-Greve-ETANG-6-07.06.01-420x279.webp\" width=\"420\" height=\"210\" loading=\"lazy\" alt=\"\" title=\"\"><\/picture><\/figure><\/div><\/div><\/div><div class=\"columns reverse-mob\" style=\"align-items:center;\"><div class=\"columns__item flex-28 fade-left\" style=\"align-self:center;\"><div class=\"gallery f-carousel fc-diapo\" data-fancybox=\"gallery\"><figure class=\"gallery__item\"><picture><source srcset=\"https:\/\/www.leparcdelagreve.com\/wp-content\/uploads\/2025\/11\/photo-637833898805819785-2-420x280.webp\" media=\"(max-width: 210px)\"><source srcset=\"https:\/\/www.leparcdelagreve.com\/wp-content\/uploads\/2025\/11\/photo-637833898805819785-2-850x567.webp\" media=\"(max-width: 420px)\"><source srcset=\"https:\/\/www.leparcdelagreve.com\/wp-content\/uploads\/2025\/11\/photo-637833898805819785-2-768x512.webp\" media=\"(max-width: 850px)\"><source srcset=\"https:\/\/www.leparcdelagreve.com\/wp-content\/uploads\/2025\/11\/photo-637833898805819785-2-1024x683.webp\" media=\"(max-width: 1024px)\"><source srcset=\"https:\/\/www.leparcdelagreve.com\/wp-content\/uploads\/2025\/11\/photo-637833898805819785-2.webp\" media=\"(min-width: 1025px)\"><img decoding=\"async\" src=\"https:\/\/www.leparcdelagreve.com\/wp-content\/uploads\/2025\/11\/photo-637833898805819785-2-420x280.webp\" width=\"420\" height=\"210\" loading=\"lazy\" alt=\"\" title=\"\"><\/picture><\/figure><figure class=\"gallery__item\"><picture><source srcset=\"https:\/\/www.leparcdelagreve.com\/wp-content\/uploads\/2025\/11\/Le-Parc-de-la-Greve-ETANG-7-07.06.01-420x279.webp\" media=\"(max-width: 210px)\"><source srcset=\"https:\/\/www.leparcdelagreve.com\/wp-content\/uploads\/2025\/11\/Le-Parc-de-la-Greve-ETANG-7-07.06.01-850x565.webp\" media=\"(max-width: 420px)\"><source srcset=\"https:\/\/www.leparcdelagreve.com\/wp-content\/uploads\/2025\/11\/Le-Parc-de-la-Greve-ETANG-7-07.06.01-768x511.webp\" media=\"(max-width: 850px)\"><source srcset=\"https:\/\/www.leparcdelagreve.com\/wp-content\/uploads\/2025\/11\/Le-Parc-de-la-Greve-ETANG-7-07.06.01-1024x681.webp\" media=\"(max-width: 1024px)\"><source srcset=\"https:\/\/www.leparcdelagreve.com\/wp-content\/uploads\/2025\/11\/Le-Parc-de-la-Greve-ETANG-7-07.06.01.webp\" media=\"(min-width: 1025px)\"><img decoding=\"async\" src=\"https:\/\/www.leparcdelagreve.com\/wp-content\/uploads\/2025\/11\/Le-Parc-de-la-Greve-ETANG-7-07.06.01-420x279.webp\" width=\"420\" height=\"210\" loading=\"lazy\" alt=\"\" title=\"\"><\/picture><\/figure><\/div><\/div><div class=\"columns__item fade-right\" style=\"align-self:center;\"><h2>Nearby Ponds and Lakes<\/h2><p    >Several fishing spots are easily accessible near Camping Le Parc de la Gr\u00e8ve. Moulin Neuf Pond, 2 km away, is ideal for beginners and families. The Givrand communal ponds offer great opportunities for whitefish and predator fishing. For larger lakes and more challenging experiences, Lac du Jaunay and Lac du Gu\u00e9-Gorand allow predator and night fishing in preserved natural settings.  <\/p><div class=\"lireplus fc-desk\"><p    >Read more<\/p><div class=\"group\"><p    >Just a few kilometers from the campsite, the Jaunay and Gu\u00e9-Gorand rivers offer diverse fishing routes amidst stunning and serene scenery. Ideal for both whitefish and predator fishing, these rivers provide a relaxing way to experience the natural beauty of the Vend\u00e9e marshes. <\/p><\/div><\/div><\/div><\/div><div class=\"columns mini\" style=\"align-items:center;\"><div class=\"columns__item fade-right\" style=\"align-self:center;\"><h3>Shore Fishing and Sea Fishing<\/h3><p    >Shore fishing along the Vend\u00e9e coast is an enjoyable and easy activity for all ages, perfect for families and beginners. <\/p><div class=\"lireplus fc-mob\"><p    >Read more<\/p><div class=\"group\"><p    ><\/p><p    >Shore fishing at La Sauzaie Beach and the Passage du Gois on Noirmoutier Island allows visitors to gather shellfish and crustaceans according to high tides and local rules. Line fishing is possible from the piers and jetties near Saint-Gilles-Croix-de-Vie, and sea fishing excursions can be arranged via the campsite reception. <\/p><\/div><\/div><\/div><div class=\"columns__item flex-05 fade-left\" style=\"align-self:center;\"><p class=\"wording bg-2\"   ><span class=\"fc-span\">Peaceful<\/span> Moments<\/p><\/div><\/div>","protected":false},"excerpt":{"rendered":"<p>Fishing, Wildlife, and Nature Experiences Around Camping Le Parc de la Gr\u00e8ve, Saint-Gilles-Croix-de-Vie Don&#8217;t wait any longer! On-Site Fishing at Camping Le Parc de la Gr\u00e8ve At Camping Le Parc de la Gr\u00e8ve, fishing is available directly on our 1,300 m\u00b2 pond, perfect for friendly family moments. Carp, roach, tench, and even eels can be [&hellip;]<\/p>\n","protected":false},"author":1,"featured_media":0,"parent":0,"menu_order":0,"comment_status":"open","ping_status":"open","template":"","meta":{"_acf_changed":false,"footnotes":""},"acf":[],"_links":{"self":[{"href":"https:\/\/www.leparcdelagreve.com\/en\/wp-json\/wp\/v2\/pages\/1095"}],"collection":[{"href":"https:\/\/www.leparcdelagreve.com\/en\/wp-json\/wp\/v2\/pages"}],"about":[{"href":"https:\/\/www.leparcdelagreve.com\/en\/wp-json\/wp\/v2\/types\/page"}],"author":[{"embeddable":true,"href":"https:\/\/www.leparcdelagreve.com\/en\/wp-json\/wp\/v2\/users\/1"}],"replies":[{"embeddable":true,"href":"https:\/\/www.leparcdelagreve.com\/en\/wp-json\/wp\/v2\/comments?post=1095"}],"version-history":[{"count":1,"href":"https:\/\/www.leparcdelagreve.com\/en\/wp-json\/wp\/v2\/pages\/1095\/revisions"}],"predecessor-version":[{"id":1096,"href":"https:\/\/www.leparcdelagreve.com\/en\/wp-json\/wp\/v2\/pages\/1095\/revisions\/1096"}],"wp:attachment":[{"href":"https:\/\/www.leparcdelagreve.com\/en\/wp-json\/wp\/v2\/media?parent=1095"}],"curies":[{"name":"wp","href":"https:\/\/api.w.org\/{rel}","templated":true}]}}