{"id":1285,"date":"2025-10-23T14:45:23","date_gmt":"2025-10-23T12:45:23","guid":{"rendered":"https:\/\/www.leparcdelagreve.com\/news-and-offers\/affordable-campsite\/"},"modified":"2026-03-25T15:04:17","modified_gmt":"2026-03-25T14:04:17","slug":"affordable-campsite","status":"publish","type":"page","link":"https:\/\/www.leparcdelagreve.com\/en\/news-and-offers\/affordable-campsite\/","title":{"rendered":"Affordable campsite"},"content":{"rendered":"<div class=\"buttons\"><a href=\"https:\/\/www.leparcdelagreve.com\/en\/news-and-offers\/\" rel=\"noreferrer noopener\" rel=\"noreferrer noopener\" class=\"buttons__btn btn-retour\">Back<\/a><\/div><div class=\"group\"><h1>Your affordable campsite in L\u2019Aiguillon-sur-Vie<\/h1><p    >Fancy a holiday without breaking the bank, in a peaceful, green setting? Welcome to the affordable campsite in L\u2019Aiguillon-sur-Vie, the perfect spot for a relaxing break in the Vend\u00e9e! <\/p><p    >Choose your option: a spacious pitch for a tent, caravan or motorhome, or a fully equipped mobile home or chalet at the best price. Here, everything has been designed to ensure you have a pleasant and enjoyable stay: clean, well-maintained toilet facilities, shaded areas, and a wide range of services to make your holiday easier. <\/p><h2>Relaxation and culinary delights<\/h2><p    >After a lovely day in the fresh air, head to the snack bar for a tasty treat: platters of appetisers, ice creams, cold drinks or light meals to take away. Settle down on the terrace or by the pool, cocktail in hand, and make the most of your holiday in the Vend\u00e9e. <\/p><h2>Leisure activities and a friendly atmosphere<\/h2><p    >Young and old alike will find something to enjoy in the games room: there\u2019s a pool table, a pinball machine, video games, a TV corner and even a library. It\u2019s the perfect place to have fun, spend time with the family or relax on rainy days. <\/p><h2>Discover the Vend\u00e9e on a budget<\/h2><p    >From your affordable campsite in L\u2019Aiguillon-sur-Vie, set off to explore the region\u2019s treasures: the islands of Noirmoutier and Yeu, the long sandy beaches, and must-see attractions such as Puy du Fou, the Automobile Museum, the Vend\u00e9e Miniature Park and the Historial de la Vend\u00e9e.<\/p><p    >Camping Le Parc de la Gr\u00e8ve is also ideally situated near Co\u00ebx, Givrand, La Chaize-Giraud and Saint-R\u00e9v\u00e9rend, making it easy to explore the charms of the Saint-Gilles region.<\/p><\/div>","protected":false},"excerpt":{"rendered":"<p>Your affordable campsite in L\u2019Aiguillon-sur-Vie Fancy a holiday without breaking the bank, in a peaceful, green setting? Welcome to the affordable campsite in L\u2019Aiguillon-sur-Vie, the perfect spot for a relaxing break in the Vend\u00e9e! Choose your option: a spacious pitch for a tent, caravan or motorhome, or a fully equipped mobile home or chalet at [&hellip;]<\/p>\n","protected":false},"author":1,"featured_media":0,"parent":1050,"menu_order":0,"comment_status":"closed","ping_status":"closed","template":"","meta":{"_acf_changed":false,"footnotes":""},"acf":[],"_links":{"self":[{"href":"https:\/\/www.leparcdelagreve.com\/en\/wp-json\/wp\/v2\/pages\/1285"}],"collection":[{"href":"https:\/\/www.leparcdelagreve.com\/en\/wp-json\/wp\/v2\/pages"}],"about":[{"href":"https:\/\/www.leparcdelagreve.com\/en\/wp-json\/wp\/v2\/types\/page"}],"author":[{"embeddable":true,"href":"https:\/\/www.leparcdelagreve.com\/en\/wp-json\/wp\/v2\/users\/1"}],"replies":[{"embeddable":true,"href":"https:\/\/www.leparcdelagreve.com\/en\/wp-json\/wp\/v2\/comments?post=1285"}],"version-history":[{"count":1,"href":"https:\/\/www.leparcdelagreve.com\/en\/wp-json\/wp\/v2\/pages\/1285\/revisions"}],"predecessor-version":[{"id":1286,"href":"https:\/\/www.leparcdelagreve.com\/en\/wp-json\/wp\/v2\/pages\/1285\/revisions\/1286"}],"up":[{"embeddable":true,"href":"https:\/\/www.leparcdelagreve.com\/en\/wp-json\/wp\/v2\/pages\/1050"}],"wp:attachment":[{"href":"https:\/\/www.leparcdelagreve.com\/en\/wp-json\/wp\/v2\/media?parent=1285"}],"curies":[{"name":"wp","href":"https:\/\/api.w.org\/{rel}","templated":true}]}}