{"id":1289,"date":"2026-03-25T15:11:24","date_gmt":"2026-03-25T14:11:24","guid":{"rendered":"https:\/\/www.leparcdelagreve.com\/?page_id=1289"},"modified":"2026-03-25T15:14:21","modified_gmt":"2026-03-25T14:14:21","slug":"le-puy-du-fou","status":"publish","type":"page","link":"https:\/\/www.leparcdelagreve.com\/en\/news-and-offers\/le-puy-du-fou\/","title":{"rendered":"Le Puy du Fou"},"content":{"rendered":"<div class=\"buttons\"><a href=\"https:\/\/www.leparcdelagreve.com\/en\/news-and-offers\/\" rel=\"noreferrer noopener\" rel=\"noreferrer noopener\" class=\"buttons__btn btn-retour\">Back<\/a><\/div><div class=\"group\"><h2>Le Puy du Fou: a must-see excursion from Camping Le Parc de la Gr\u00e8ve<\/h2><p    >During your stay at <strong>Camping Ushua\u00efa Villages Le Parc de la Gr\u00e8ve<\/strong>, don&#8217;t miss one of the most spectacular sites in the Vend\u00e9e: Puy du Fou.<\/p><p    >Voted <strong>the world&#8217;s best amusement park<\/strong> several times over, Puy du Fou immerses you in history through its grandiose, immersive shows.<\/p><h2>An easy trip from the campsite<\/h2><p    ><strong>Camping Le Parc de la Gr\u00e8ve<\/strong> is ideally located for organizing a visit to the Puy du Fou.<\/p><ul><li>Approximately <strong>1h15 to 1h30 drive<\/strong>\n<\/li><li>Perfect for a <strong>day trip<\/strong>\n<\/li><li>Easy access by car\n<\/li><\/ul><p    >It&#8217;s a must-do during your vacation in the Vend\u00e9e.<\/p><h2>Tickets available at the campsite<\/h2><p    >To make your stay easier, <strong>Camping Le Parc de la Gr\u00e8ve<\/strong> offers an <strong>on-site ticketing<\/strong> service.<\/p><ul><li>Buy your tickets directly at reception\n<\/li><li>Personalized advice to organize your day\n<\/li><li>Save time when you arrive at the park\n<\/li><\/ul><p    >A practical solution for making the most of your excursion.<\/p><h2>A unique experience in Vend\u00e9e<\/h2><p    >Combine relaxation at the campsite with discovery of the Puy du Fou for a vacation rich in emotion.<\/p><\/div>","protected":false},"excerpt":{"rendered":"<p>Le Puy du Fou: a must-see excursion from Camping Le Parc de la Gr\u00e8ve During your stay at Camping Ushua\u00efa Villages Le Parc de la Gr\u00e8ve, don&#8217;t miss one of the most spectacular sites in the Vend\u00e9e: Puy du Fou. Voted the world&#8217;s best amusement park several times over, Puy du Fou immerses you in [&hellip;]<\/p>\n","protected":false},"author":3,"featured_media":0,"parent":1050,"menu_order":0,"comment_status":"closed","ping_status":"closed","template":"","meta":{"_acf_changed":false,"footnotes":""},"acf":[],"_links":{"self":[{"href":"https:\/\/www.leparcdelagreve.com\/en\/wp-json\/wp\/v2\/pages\/1289"}],"collection":[{"href":"https:\/\/www.leparcdelagreve.com\/en\/wp-json\/wp\/v2\/pages"}],"about":[{"href":"https:\/\/www.leparcdelagreve.com\/en\/wp-json\/wp\/v2\/types\/page"}],"author":[{"embeddable":true,"href":"https:\/\/www.leparcdelagreve.com\/en\/wp-json\/wp\/v2\/users\/3"}],"replies":[{"embeddable":true,"href":"https:\/\/www.leparcdelagreve.com\/en\/wp-json\/wp\/v2\/comments?post=1289"}],"version-history":[{"count":3,"href":"https:\/\/www.leparcdelagreve.com\/en\/wp-json\/wp\/v2\/pages\/1289\/revisions"}],"predecessor-version":[{"id":1296,"href":"https:\/\/www.leparcdelagreve.com\/en\/wp-json\/wp\/v2\/pages\/1289\/revisions\/1296"}],"up":[{"embeddable":true,"href":"https:\/\/www.leparcdelagreve.com\/en\/wp-json\/wp\/v2\/pages\/1050"}],"wp:attachment":[{"href":"https:\/\/www.leparcdelagreve.com\/en\/wp-json\/wp\/v2\/media?parent=1289"}],"curies":[{"name":"wp","href":"https:\/\/api.w.org\/{rel}","templated":true}]}}