{"id":1137,"date":"2025-10-23T14:45:23","date_gmt":"2025-10-23T12:45:23","guid":{"rendered":"https:\/\/www.leparcdelagreve.com\/kort-verblijf-op-de-camping\/"},"modified":"2026-05-05T21:57:29","modified_gmt":"2026-05-05T19:57:29","slug":"kort-verblijf-op-de-camping","status":"publish","type":"page","link":"https:\/\/www.leparcdelagreve.com\/nl\/nieuws-aanbiedingen\/kort-verblijf-op-de-camping\/","title":{"rendered":"Kort verblijf op de camping"},"content":{"rendered":"<div class=\"buttons\"><a href=\"https:\/\/www.leparcdelagreve.com\/nl\/nieuws-aanbiedingen\/\" rel=\"noreferrer noopener\" rel=\"noreferrer noopener\" class=\"buttons__btn btn-retour\">Terug<\/a><\/div><div class=\"group\"><h1>Kort verblijf in de Vend\u00e9e: vrijheid en flexibiliteit bij camping Le Parc de la Gr\u00e8ve<\/h1><p    >Wilt u spontaan een korte vakantie in de Vend\u00e9e plannen, zonder verplichtingen qua data of verblijfsduur? Bij <strong>Camping Ushua\u00efa Villages Le Parc de la Gr\u00e8ve <\/strong>zijn <strong>al onze chalets, stacaravans en lodges beschikbaar voor kort verblijf, ook tijdens het zomerseizoen<\/strong>!<\/p><h2>Huur uw accommodatie vanaf 2 of 3 nachtenHuur uw accommodatie vanaf 2 of 3 nachten<\/h2><p    >Boek uw <strong>chalet of stacaravan<\/strong> vanaf <strong>3 nachten in juli en augustus<\/strong>, en vanaf <strong>2 nachten in het voor- of najaar<\/strong>. Kies uw aankomstdag zelf, vermijd de zaterdagfiles en begin uw vakantie direct zorgeloos.<\/p><p    >En formule <strong>week-end<\/strong>, les lits sont faits \u00e0 votre arriv\u00e9e et un forfait m\u00e9nage all\u00e9g\u00e9 \u00e0 30 \u20ac est propos\u00e9.<br\/>Et pour un passage express, d\u00e9couvrez la <strong>formule h\u00f4teli\u00e8re<\/strong> : une nuit en mobil-home 4 personnes avec lits faits, petits-d\u00e9jeuners, serviettes et m\u00e9nage inclus.<\/p><h2>\u00c9\u00e9n nacht of langer in een ecolodge of trappershut<\/h2><p    >Van <strong>15 mei tot 15 september<\/strong> verwelkomen onze <strong>ecolodges<\/strong> en <strong>trappershutten <\/strong>u vanaf \u00e9\u00e9n nacht. Perfect voor een natuurgetinte pauze met z\u2019n twee\u00ebn, met vrienden of met het gezin.<\/p><h2>Diensten speciaal voor korte verblijven<\/h2><p    >Reis licht! Draps en location, service de m\u00e9nage simplifi\u00e9 et <strong>snack-bar<\/strong> ouvert d\u00e8s le 13 Mai pour vos repas sur place ou \u00e0 emporter.<\/p><p    >Ontdek de Vend\u00e9e vanaf de camping: fiets- en wandelroutes, <strong>stranden<\/strong>, <strong>moerassen <\/strong>en <strong>charmante dorpjes<\/strong>. Wij geven u onze favoriete tips voor een kort verblijf boordevol lokale charme!<\/p><\/div>","protected":false},"excerpt":{"rendered":"<p>Kort verblijf in de Vend\u00e9e: vrijheid en flexibiliteit bij camping Le Parc de la Gr\u00e8ve Wilt u spontaan een korte vakantie in de Vend\u00e9e plannen, zonder verplichtingen qua data of verblijfsduur? Bij Camping Ushua\u00efa Villages Le Parc de la Gr\u00e8ve zijn al onze chalets, stacaravans en lodges beschikbaar voor kort verblijf, ook tijdens het zomerseizoen! [&hellip;]<\/p>\n","protected":false},"author":1,"featured_media":0,"parent":1204,"menu_order":0,"comment_status":"closed","ping_status":"closed","template":"","meta":{"_acf_changed":false,"footnotes":""},"acf":[],"_links":{"self":[{"href":"https:\/\/www.leparcdelagreve.com\/nl\/wp-json\/wp\/v2\/pages\/1137"}],"collection":[{"href":"https:\/\/www.leparcdelagreve.com\/nl\/wp-json\/wp\/v2\/pages"}],"about":[{"href":"https:\/\/www.leparcdelagreve.com\/nl\/wp-json\/wp\/v2\/types\/page"}],"author":[{"embeddable":true,"href":"https:\/\/www.leparcdelagreve.com\/nl\/wp-json\/wp\/v2\/users\/1"}],"replies":[{"embeddable":true,"href":"https:\/\/www.leparcdelagreve.com\/nl\/wp-json\/wp\/v2\/comments?post=1137"}],"version-history":[{"count":3,"href":"https:\/\/www.leparcdelagreve.com\/nl\/wp-json\/wp\/v2\/pages\/1137\/revisions"}],"predecessor-version":[{"id":1376,"href":"https:\/\/www.leparcdelagreve.com\/nl\/wp-json\/wp\/v2\/pages\/1137\/revisions\/1376"}],"up":[{"embeddable":true,"href":"https:\/\/www.leparcdelagreve.com\/nl\/wp-json\/wp\/v2\/pages\/1204"}],"wp:attachment":[{"href":"https:\/\/www.leparcdelagreve.com\/nl\/wp-json\/wp\/v2\/media?parent=1137"}],"curies":[{"name":"wp","href":"https:\/\/api.w.org\/{rel}","templated":true}]}}