{"id":1143,"date":"2025-10-23T14:45:24","date_gmt":"2025-10-23T12:45:24","guid":{"rendered":"https:\/\/www.leparcdelagreve.com\/hotelserviceformule\/"},"modified":"2026-03-20T16:51:51","modified_gmt":"2026-03-20T15:51:51","slug":"hotelserviceformule","status":"publish","type":"page","link":"https:\/\/www.leparcdelagreve.com\/nl\/nieuws-aanbiedingen\/hotelserviceformule\/","title":{"rendered":"Hotelserviceformule"},"content":{"rendered":"<div class=\"buttons\"><a href=\"https:\/\/www.leparcdelagreve.com\/actualites-offres\/\" rel=\"noreferrer noopener\" rel=\"noreferrer noopener\" class=\"buttons__btn btn-retour\">Terug<\/a><\/div><div class=\"group\"><h1>De hotelserviceformule bij Camping Ushua\u00efa Villages Le Parc de la Gr\u00e8ve<br\/><\/h1><p    ><br\/>Ontdek een unieke verblijfservaring in het hart van L\u2019Aiguillon-sur-Vie, in de prachtige regio Pays de Saint Gilles Croix de Vie in de Vend\u00e9e.<br\/>Camping Ushua\u00efa Villages Le Parc de la Gr\u00e8ve biedt u zijn <strong>hotelserviceformule <\/strong>aan: een exclusieve verblijfsoptie, alleen beschikbaar op zaterdagavond, in onze <strong>Home \u00c9vasion <\/strong>voor 3 personen en onze <strong>Home Plaisir<\/strong> met 2 slaapkamers.<br\/>Deze formule is beschikbaar het hele seizoen, met uitzondering van het Hemelvaartweekend en de periode van 5 juli tot 29 augustus.<br\/>Geniet van het comfort van de camping, verrijkt met een vleugje elegantie, gemak en praktische luxe.   <\/p><h2>Een zorgeloos verblijf<\/h2><p    >De hotelserviceformule is speciaal ontworpen om u een aangename, comfortabele en zorgeloze overnachting te bieden. Bij aankomst op zaterdagavond zijn uw <strong>bedden opgemaakt<\/strong> en is het <strong>badlinnen inbegrepen<\/strong>, zodat u zich meteen comfortabel kunt installeren. U hoeft zich niet meer bezig te houden met beddengoed of praktische zorgen \u2014 u kunt volop genieten van uw verblijf en uw moment van ontspanning.  <\/p><h2>Een volledig ontbijt<\/h2><p    >Begin de dag in alle rust met een <strong>inbegrepen <\/strong>ontbijt.<br\/>Een warme drank, een croissant, een kwart baguette, boter, confituur en een glas sinaasappelsap staan voor u klaar voor een smakelijke, ontspannen en zorgeloze start van de dag. <\/p><h2>Schoonmaak inbegrepen bij Camping Ushua\u00efa Villages Le Parc de la Gr\u00e8ve<\/h2><p    >Een van de grote voordelen van deze formule is de <strong>inbegrepen schoonmaakservice<\/strong>.<br\/>Geniet van elk moment zonder u zorgen te maken over huishoudelijke taken en richt u volledig op het ontdekken van de Vend\u00e9e en haar prachtige omgeving. <\/p><h2>Flexibele tijden<\/h2><p    >Aankomst is mogelijk tussen 15:00 en 18:00 uur en vertrek v\u00f3\u00f3r 12:00 uur.<br\/>Voor extra flexibiliteit kunt u bij uw reservering opties voor <strong>vroegere aankomst<\/strong> of <strong>later vertrek kiezen<\/strong>, afhankelijk van uw wensen. <\/p><h2>Gemakkelijk boeken<\/h2><p    >Plan uw uitje met enkele klikken en boek uw verblijf eenvoudig online.<br\/>Geniet van een comfortabele overnachting te midden van een prachtige natuurlijke omgeving, met de garantie van professionele en attente service. <\/p><h2>Ervaar de harmonie van camping en comfort<\/h2><p    >De hotelserviceformule combine de charme van kamperen met het comfort van een semi-hotelservice.<br\/>Een aangename, zorgeloze overnachting, flexibele opties en een onvergetelijke ervaring wachten op u.<br\/>Boek nu en laat u verleiden door de eenvoud en het comfort van Camping Ushua\u00efa Villages Le Parc de la Gr\u00e8ve.  <\/p><\/div>","protected":false},"excerpt":{"rendered":"<p>De hotelserviceformule bij Camping Ushua\u00efa Villages Le Parc de la Gr\u00e8ve Ontdek een unieke verblijfservaring in het hart van L\u2019Aiguillon-sur-Vie, in de prachtige regio Pays de Saint Gilles Croix de Vie in de Vend\u00e9e.Camping Ushua\u00efa Villages Le Parc de la Gr\u00e8ve biedt u zijn hotelserviceformule aan: een exclusieve verblijfsoptie, alleen beschikbaar op zaterdagavond, in onze [&hellip;]<\/p>\n","protected":false},"author":1,"featured_media":0,"parent":1204,"menu_order":0,"comment_status":"closed","ping_status":"closed","template":"","meta":{"_acf_changed":false,"footnotes":""},"acf":[],"_links":{"self":[{"href":"https:\/\/www.leparcdelagreve.com\/nl\/wp-json\/wp\/v2\/pages\/1143"}],"collection":[{"href":"https:\/\/www.leparcdelagreve.com\/nl\/wp-json\/wp\/v2\/pages"}],"about":[{"href":"https:\/\/www.leparcdelagreve.com\/nl\/wp-json\/wp\/v2\/types\/page"}],"author":[{"embeddable":true,"href":"https:\/\/www.leparcdelagreve.com\/nl\/wp-json\/wp\/v2\/users\/1"}],"replies":[{"embeddable":true,"href":"https:\/\/www.leparcdelagreve.com\/nl\/wp-json\/wp\/v2\/comments?post=1143"}],"version-history":[{"count":1,"href":"https:\/\/www.leparcdelagreve.com\/nl\/wp-json\/wp\/v2\/pages\/1143\/revisions"}],"predecessor-version":[{"id":1144,"href":"https:\/\/www.leparcdelagreve.com\/nl\/wp-json\/wp\/v2\/pages\/1143\/revisions\/1144"}],"up":[{"embeddable":true,"href":"https:\/\/www.leparcdelagreve.com\/nl\/wp-json\/wp\/v2\/pages\/1204"}],"wp:attachment":[{"href":"https:\/\/www.leparcdelagreve.com\/nl\/wp-json\/wp\/v2\/media?parent=1143"}],"curies":[{"name":"wp","href":"https:\/\/api.w.org\/{rel}","templated":true}]}}