{"id":1145,"date":"2025-10-23T14:45:23","date_gmt":"2025-10-23T12:45:23","guid":{"rendered":"https:\/\/www.leparcdelagreve.com\/weekendformule\/"},"modified":"2026-03-20T16:51:51","modified_gmt":"2026-03-20T15:51:51","slug":"weekendformule","status":"publish","type":"page","link":"https:\/\/www.leparcdelagreve.com\/nl\/nieuws-aanbiedingen\/weekendformule\/","title":{"rendered":"Weekendformule"},"content":{"rendered":"<div class=\"buttons\"><a href=\"https:\/\/www.leparcdelagreve.com\/actualites-offres\/\" rel=\"noreferrer noopener\" rel=\"noreferrer noopener\" class=\"buttons__btn btn-retour\">Terug<\/a><\/div><div class=\"group\"><h1>Weekendformule met semi-hotelservice in L\u2019Aiguillon-sur-Vie<\/h1><p    >Trakteer uzelf op een <strong>ontspannen en zorgeloos uitj<\/strong>e in het hart van L\u2019Aiguillon-sur-Vie met onze <strong>Weekendformule<\/strong>.<br\/>Ontworpen voor comfort en rust, stelt deze formule u in staat ten volle van uw verblijf te genieten, terwijl u profiteert van inbegrepen semi-hotelservices. <\/p><h2>Comfort en rust inbegrepen<\/h2><p    >Met deze formule zijn uw<strong> bedden bij aankomst opgemaakt<\/strong>, voor direct comfort.<br\/>U kunt ook kiezen voor een <strong>verlaagd schoonmaakpakket van slechts \u20ac30<\/strong>, om te genieten van een instapklaar verblijf. De formule is toepasbaar op al onze stacaravans en chalets van 1 tot 3 slaapkamers, voor een <strong>verblijf van 2 nachten inclusief de zaterdagavond<\/strong>.<br\/>Ze is beschikbaar gedurende het hele seizoen, met uitzondering van de periode van 5 juli tot 29 augustus en het Hemelvaartweekend.   <\/p><h2>Comfortabele en goed uitgeruste accommodaties<\/h2><p    >Onze stacaravans en chalets bieden alles wat u nodig heeft voor een aangenaam weekend.<br\/>Dankzij de semi-hotelserviceformule hoeft u niets voor te bereiden; alles is ontworpen voor uw rust en ontspanning vanaf het moment van aankomst. <\/p><h2>Natuuractiviteiten in de buurt<\/h2><p    >De camping ligt op slechts <strong>7 km van de oceaan,<\/strong> ideaal voor een verkwikkende fietstocht.<br\/>Het <strong>Lac du Jaunay<\/strong>, op 4 km afstand, nodigt uit tot ontspanning en vissen, terwijl onze eigen <strong>visvijver ter plaatse<\/strong> gratis toegankelijk is.  <\/p><h2>Ideaal voor familie-evenementen<\/h2><p    >Een bruiloft, verjaardag of familiere\u00fcnie bijwonen?<br\/>De weekendformule is perfect om rustig in uw <strong>accommodatie te verblijven<\/strong>, terwijl u dichtbij de festiviteiten bent in omliggende gemeenten zoals <strong>L\u2019Aiguillon-sur-Vie, Coex, Givrand of Saint-Gilles-Croix-de-Vie.<\/strong> <\/p><h2>Een toplocatie<\/h2><p    >Situ\u00e9 dans un cadre paisible au c\u0153ur de la campagne vend\u00e9enne, le camping vous permet de profiter de la nature tout en restant \u00e0 proximit\u00e9 des plages, des circuits \u00e0 v\u00e9lo et des richesses locales de la r\u00e9gion.<\/p><p    >Boek nu uw <strong>Weekendformule met semi-hotelservice<\/strong> bij <strong>Camping Ushua\u00efa Villages Le Parc de la Gr\u00e8ve<\/strong> en trakteer uzelf op een weekend vol ontspanning, ontdekkingen en onvergetelijke herinneringen in het hart van de Vend\u00e9e.<\/p><\/div>","protected":false},"excerpt":{"rendered":"<p>Weekendformule met semi-hotelservice in L\u2019Aiguillon-sur-Vie Trakteer uzelf op een ontspannen en zorgeloos uitje in het hart van L\u2019Aiguillon-sur-Vie met onze Weekendformule.Ontworpen voor comfort en rust, stelt deze formule u in staat ten volle van uw verblijf te genieten, terwijl u profiteert van inbegrepen semi-hotelservices. Comfort en rust inbegrepen Met deze formule zijn uw bedden bij [&hellip;]<\/p>\n","protected":false},"author":1,"featured_media":0,"parent":1204,"menu_order":0,"comment_status":"closed","ping_status":"closed","template":"","meta":{"_acf_changed":false,"footnotes":""},"acf":[],"_links":{"self":[{"href":"https:\/\/www.leparcdelagreve.com\/nl\/wp-json\/wp\/v2\/pages\/1145"}],"collection":[{"href":"https:\/\/www.leparcdelagreve.com\/nl\/wp-json\/wp\/v2\/pages"}],"about":[{"href":"https:\/\/www.leparcdelagreve.com\/nl\/wp-json\/wp\/v2\/types\/page"}],"author":[{"embeddable":true,"href":"https:\/\/www.leparcdelagreve.com\/nl\/wp-json\/wp\/v2\/users\/1"}],"replies":[{"embeddable":true,"href":"https:\/\/www.leparcdelagreve.com\/nl\/wp-json\/wp\/v2\/comments?post=1145"}],"version-history":[{"count":1,"href":"https:\/\/www.leparcdelagreve.com\/nl\/wp-json\/wp\/v2\/pages\/1145\/revisions"}],"predecessor-version":[{"id":1146,"href":"https:\/\/www.leparcdelagreve.com\/nl\/wp-json\/wp\/v2\/pages\/1145\/revisions\/1146"}],"up":[{"embeddable":true,"href":"https:\/\/www.leparcdelagreve.com\/nl\/wp-json\/wp\/v2\/pages\/1204"}],"wp:attachment":[{"href":"https:\/\/www.leparcdelagreve.com\/nl\/wp-json\/wp\/v2\/media?parent=1145"}],"curies":[{"name":"wp","href":"https:\/\/api.w.org\/{rel}","templated":true}]}}