{"id":1169,"date":"2025-10-23T14:45:23","date_gmt":"2025-10-23T12:45:23","guid":{"rendered":"https:\/\/www.leparcdelagreve.com\/zwembad\/"},"modified":"2026-05-01T18:28:13","modified_gmt":"2026-05-01T16:28:13","slug":"zwembad","status":"publish","type":"page","link":"https:\/\/www.leparcdelagreve.com\/nl\/zwembad\/","title":{"rendered":"Zwembad"},"content":{"rendered":"<div class=\"diaporama-header align-full\"><div class=\"gallery\"><figure class=\"gallery__item\"><picture><source srcset=\"https:\/\/www.leparcdelagreve.com\/wp-content\/uploads\/2025\/11\/490699262_1208661301261093_471194732533073161_n-420x279.webp\" media=\"(max-width: 210px)\"><source srcset=\"https:\/\/www.leparcdelagreve.com\/wp-content\/uploads\/2025\/11\/490699262_1208661301261093_471194732533073161_n-850x565.webp\" media=\"(max-width: 420px)\"><source srcset=\"https:\/\/www.leparcdelagreve.com\/wp-content\/uploads\/2025\/11\/490699262_1208661301261093_471194732533073161_n-768x511.webp\" media=\"(max-width: 850px)\"><source srcset=\"https:\/\/www.leparcdelagreve.com\/wp-content\/uploads\/2025\/11\/490699262_1208661301261093_471194732533073161_n-1024x681.webp\" media=\"(max-width: 1024px)\"><source srcset=\"https:\/\/www.leparcdelagreve.com\/wp-content\/uploads\/2025\/11\/490699262_1208661301261093_471194732533073161_n.webp\" media=\"(min-width: 1025px)\"><img loading=\"lazy\" decoding=\"async\" src=\"https:\/\/www.leparcdelagreve.com\/wp-content\/uploads\/2025\/11\/490699262_1208661301261093_471194732533073161_n-420x279.webp\" width=\"420\" height=\"210\" alt=\"\" title=\"\"><\/picture><\/figure><\/div><div class=\"diaporama-header__inner\"><h1 class=\"right\">Verwarmd zwembad van <span class=\"fc-span\">Camping Le Parc de la Gr\u00e8ve<\/span><\/h1><div class=\"group hide-mob\"><p class=\"center\" style=\"text-align: center;\"  >Wacht niet langer!<\/p><div class=\"buttons display-flex \" style=\"justify-content:center;\"><span class=\"buttons__btn btn-resa is-style-1\">Nu reserveren <span class=\"fc-icon\"><svg xmlns=\"http:\/\/www.w3.org\/2000\/svg\"  viewBox=\"0 0 448 512\" width=\"16px\" height=\"16px\"><!--! Font Awesome Pro 6.4.2 by @fontawesome - https:\/\/fontawesome.com License - https:\/\/fontawesome.com\/license (Commercial License) Copyright 2023 Fonticons, Inc.--><path d=\"M438.6 278.6c12.5-12.5 12.5-32.8 0-45.3l-160-160c-12.5-12.5-32.8-12.5-45.3 0s-12.5 32.8 0 45.3L338.8 224 32 224c-17.7 0-32 14.3-32 32s14.3 32 32 32l306.7 0L233.4 393.4c-12.5 12.5-12.5 32.8 0 45.3s32.8 12.5 45.3 0l160-160z\"\/><\/svg><\/span><\/span><\/div><figure class=\"bg\"><picture><source srcset=\"https:\/\/www.leparcdelagreve.com\/wp-content\/uploads\/2025\/10\/form-group-420x96.webp\" media=\"(max-width: 210px)\"><source srcset=\"https:\/\/www.leparcdelagreve.com\/wp-content\/uploads\/2025\/10\/form-group-850x194.webp\" media=\"(max-width: 420px)\"><source srcset=\"https:\/\/www.leparcdelagreve.com\/wp-content\/uploads\/2025\/10\/form-group-768x176.webp\" media=\"(max-width: 850px)\"><source srcset=\"https:\/\/www.leparcdelagreve.com\/wp-content\/uploads\/2025\/10\/form-group-1024x234.webp\" media=\"(max-width: 1024px)\"><source srcset=\"https:\/\/www.leparcdelagreve.com\/wp-content\/uploads\/2025\/10\/form-group.webp\" media=\"(min-width: 1025px)\"><img decoding=\"async\" src=\"https:\/\/www.leparcdelagreve.com\/wp-content\/uploads\/2025\/10\/form-group-420x96.webp\" width=\"420\" height=\"210\" loading=\"lazy\" alt=\"\" title=\"\"><\/picture><\/figure><\/div><figure class=\"form\"><picture><source srcset=\"https:\/\/www.leparcdelagreve.com\/wp-content\/uploads\/2025\/10\/form-diapo-header-420x28.webp\" media=\"(max-width: 210px)\"><source srcset=\"https:\/\/www.leparcdelagreve.com\/wp-content\/uploads\/2025\/10\/form-diapo-header-850x57.webp\" media=\"(max-width: 420px)\"><source srcset=\"https:\/\/www.leparcdelagreve.com\/wp-content\/uploads\/2025\/10\/form-diapo-header-768x51.webp\" media=\"(max-width: 850px)\"><source srcset=\"https:\/\/www.leparcdelagreve.com\/wp-content\/uploads\/2025\/10\/form-diapo-header-1024x68.webp\" media=\"(max-width: 1024px)\"><source srcset=\"https:\/\/www.leparcdelagreve.com\/wp-content\/uploads\/2025\/10\/form-diapo-header.webp\" media=\"(min-width: 1025px)\"><img loading=\"lazy\" decoding=\"async\" src=\"https:\/\/www.leparcdelagreve.com\/wp-content\/uploads\/2025\/10\/form-diapo-header-420x28.webp\" width=\"420\" height=\"210\" alt=\"\" title=\"\"><\/picture><\/figure><\/div><\/div><div class=\"group sec-05\"><div class=\"columns sec-15 reverse-mob\"><div class=\"columns__item fade-left\"><div class=\"gallery f-carousel fc-diapo-mob\" data-fancybox=\"gallery-mob\"><figure class=\"gallery__item\"><picture><source srcset=\"https:\/\/www.leparcdelagreve.com\/wp-content\/uploads\/2025\/11\/491930035_1211493724311184_8061382397146575837_n-420x236.webp\" media=\"(max-width: 210px)\"><source srcset=\"https:\/\/www.leparcdelagreve.com\/wp-content\/uploads\/2025\/11\/491930035_1211493724311184_8061382397146575837_n-850x478.webp\" media=\"(max-width: 420px)\"><source srcset=\"https:\/\/www.leparcdelagreve.com\/wp-content\/uploads\/2025\/11\/491930035_1211493724311184_8061382397146575837_n-768x432.webp\" media=\"(max-width: 850px)\"><source srcset=\"https:\/\/www.leparcdelagreve.com\/wp-content\/uploads\/2025\/11\/491930035_1211493724311184_8061382397146575837_n-1024x576.webp\" media=\"(max-width: 1024px)\"><source srcset=\"https:\/\/www.leparcdelagreve.com\/wp-content\/uploads\/2025\/11\/491930035_1211493724311184_8061382397146575837_n.webp\" media=\"(min-width: 1025px)\"><img decoding=\"async\" src=\"https:\/\/www.leparcdelagreve.com\/wp-content\/uploads\/2025\/11\/491930035_1211493724311184_8061382397146575837_n-420x236.webp\" width=\"420\" height=\"210\" loading=\"lazy\" alt=\"\" title=\"\"><\/picture><\/figure><figure class=\"gallery__item\"><picture><source srcset=\"https:\/\/www.leparcdelagreve.com\/wp-content\/uploads\/2025\/11\/492058032_1209707354489821_7896391190617904771_n-420x236.webp\" media=\"(max-width: 210px)\"><source srcset=\"https:\/\/www.leparcdelagreve.com\/wp-content\/uploads\/2025\/11\/492058032_1209707354489821_7896391190617904771_n-850x478.webp\" media=\"(max-width: 420px)\"><source srcset=\"https:\/\/www.leparcdelagreve.com\/wp-content\/uploads\/2025\/11\/492058032_1209707354489821_7896391190617904771_n-768x432.webp\" media=\"(max-width: 850px)\"><source srcset=\"https:\/\/www.leparcdelagreve.com\/wp-content\/uploads\/2025\/11\/492058032_1209707354489821_7896391190617904771_n-1024x576.webp\" media=\"(max-width: 1024px)\"><source srcset=\"https:\/\/www.leparcdelagreve.com\/wp-content\/uploads\/2025\/11\/492058032_1209707354489821_7896391190617904771_n.webp\" media=\"(min-width: 1025px)\"><img decoding=\"async\" src=\"https:\/\/www.leparcdelagreve.com\/wp-content\/uploads\/2025\/11\/492058032_1209707354489821_7896391190617904771_n-420x236.webp\" width=\"420\" height=\"210\" loading=\"lazy\" alt=\"\" title=\"\"><\/picture><\/figure><\/div><\/div><div class=\"columns__item fade-right\" style=\"align-self:center;\"><h2>Gezinsplezier en zwemmen bij Camping Le Parc de la Gr\u00e8ve<\/h2><p    >Het zwembad, in de vorm van een bloem, is ontworpen voor alle leeftijden. In \u00e9\u00e9n van de \u201cbloembladeren\u201d kunnen de allerkleinsten veilig spetteren in het peuterbad, dat verbonden is met het hoofdzwembad zodat ouders kunnen zwemmen terwijl ze hun kinderen in de gaten houden. Aan de andere kant kunnen de oudere kinderen van de <strong>glijbaan <\/strong>af, uiteraard met inachtneming van de veiligheidsvoorschriften.  <\/p><div class=\"lireplus fc-mob\"><p    >Lees meer<\/p><div class=\"group\"><p    >Terwijl uw kinderen zich vermaken, kunt u genieten van de Vend\u00e9ense zon op een ligstoel, met een boek, stripboek of manga geleend bij de receptie. Het water van het zwembad is verwarmd tot <strong>27\u00b0C<\/strong> voor optimaal comfort. En als u liever zout water heeft, liggen de stranden nooit ver weg!  <\/p><\/div><\/div><\/div><\/div><div class=\"columns reverse-mob\" style=\"align-items:center;\"><div class=\"columns__item fade-left hide-mob\" style=\"align-self:center;\"><div class=\"gallery\"><figure class=\"gallery__item\"><picture><source srcset=\"https:\/\/www.leparcdelagreve.com\/wp-content\/uploads\/2025\/11\/490639876_1211493770977846_199224629769226145_n-420x236.webp\" media=\"(max-width: 210px)\"><source srcset=\"https:\/\/www.leparcdelagreve.com\/wp-content\/uploads\/2025\/11\/490639876_1211493770977846_199224629769226145_n-850x478.webp\" media=\"(max-width: 420px)\"><source srcset=\"https:\/\/www.leparcdelagreve.com\/wp-content\/uploads\/2025\/11\/490639876_1211493770977846_199224629769226145_n-768x432.webp\" media=\"(max-width: 850px)\"><source srcset=\"https:\/\/www.leparcdelagreve.com\/wp-content\/uploads\/2025\/11\/490639876_1211493770977846_199224629769226145_n-1024x576.webp\" media=\"(max-width: 1024px)\"><source srcset=\"https:\/\/www.leparcdelagreve.com\/wp-content\/uploads\/2025\/11\/490639876_1211493770977846_199224629769226145_n.webp\" media=\"(min-width: 1025px)\"><img decoding=\"async\" src=\"https:\/\/www.leparcdelagreve.com\/wp-content\/uploads\/2025\/11\/490639876_1211493770977846_199224629769226145_n-420x236.webp\" width=\"420\" height=\"210\" loading=\"lazy\" alt=\"\" title=\"\"><\/picture><\/figure><\/div><\/div><div class=\"columns__item fade-right\" style=\"align-self:center;\"><p class=\"wording big\"   >aterpret en plezier bij Camping Le Parc de la Gr\u00e8ve \u2013 <span class=\"fc-span\">Vend\u00e9e<\/span><\/p><\/div><\/div><\/div><div class=\"columns has-bleu-bg-color has-bg align-full\" style=\"background-color:var(--bleu);\"><div class=\"columns__item\" style=\"align-self:flex-end;\"><h2>Avondzwemmen bij het zwembad<\/h2><p    >Om uw verblijf rustig te beginnen of te ontspannen na de reis, is het zwembad op <strong>zaterdagavond in juli en augustus geopend tot 23 uur.<\/strong><\/p><p    ><strong>Openingstijden:<\/strong><\/p><ul><li>Van 13 mei tot 15 september 10:00 -19:30\n<\/li><li>Van 6 juli tot 30 augustus: 10.00 \u2013 21.30 uur (zaterdagen tot 23.00 uur)\n<\/li><li>Verwarmd zwembad (27\u00b0C, de temperatuur kan vari\u00ebren afhankelijk van de weersomstandigheden)\n<\/li><\/ul><\/div><div class=\"columns__item\"><div class=\"gallery height-adapt\"><figure class=\"gallery__item\"><picture><source srcset=\"https:\/\/www.leparcdelagreve.com\/wp-content\/uploads\/2025\/11\/vue-piscine-mi-eau-420x235.webp\" media=\"(max-width: 210px)\"><source srcset=\"https:\/\/www.leparcdelagreve.com\/wp-content\/uploads\/2025\/11\/vue-piscine-mi-eau-850x476.webp\" media=\"(max-width: 420px)\"><source srcset=\"https:\/\/www.leparcdelagreve.com\/wp-content\/uploads\/2025\/11\/vue-piscine-mi-eau-768x430.webp\" media=\"(max-width: 850px)\"><source srcset=\"https:\/\/www.leparcdelagreve.com\/wp-content\/uploads\/2025\/11\/vue-piscine-mi-eau-1024x574.webp\" media=\"(max-width: 1024px)\"><source srcset=\"https:\/\/www.leparcdelagreve.com\/wp-content\/uploads\/2025\/11\/vue-piscine-mi-eau.webp\" media=\"(min-width: 1025px)\"><img decoding=\"async\" src=\"https:\/\/www.leparcdelagreve.com\/wp-content\/uploads\/2025\/11\/vue-piscine-mi-eau-420x235.webp\" width=\"420\" height=\"210\" loading=\"lazy\" alt=\"\" title=\"\"><\/picture><\/figure><\/div><\/div><\/div><div class=\"columns sec-15 reverse-mob\"><div class=\"columns__item fade-left\"><div class=\"gallery f-carousel fc-diapo-mob\" data-fancybox=\"gallery-mob\"><figure class=\"gallery__item\"><picture><source srcset=\"https:\/\/www.leparcdelagreve.com\/wp-content\/uploads\/2025\/11\/491408201_1207945714665985_639715104585046629_n-420x236.webp\" media=\"(max-width: 210px)\"><source srcset=\"https:\/\/www.leparcdelagreve.com\/wp-content\/uploads\/2025\/11\/491408201_1207945714665985_639715104585046629_n-850x478.webp\" media=\"(max-width: 420px)\"><source srcset=\"https:\/\/www.leparcdelagreve.com\/wp-content\/uploads\/2025\/11\/491408201_1207945714665985_639715104585046629_n-768x432.webp\" media=\"(max-width: 850px)\"><source srcset=\"https:\/\/www.leparcdelagreve.com\/wp-content\/uploads\/2025\/11\/491408201_1207945714665985_639715104585046629_n-1024x576.webp\" media=\"(max-width: 1024px)\"><source srcset=\"https:\/\/www.leparcdelagreve.com\/wp-content\/uploads\/2025\/11\/491408201_1207945714665985_639715104585046629_n.webp\" media=\"(min-width: 1025px)\"><img decoding=\"async\" src=\"https:\/\/www.leparcdelagreve.com\/wp-content\/uploads\/2025\/11\/491408201_1207945714665985_639715104585046629_n-420x236.webp\" width=\"420\" height=\"210\" loading=\"lazy\" alt=\"\" title=\"\"><\/picture><\/figure><figure class=\"gallery__item\"><picture><source srcset=\"https:\/\/www.leparcdelagreve.com\/wp-content\/uploads\/2025\/11\/photo-638358364110673343-2-1-420x236.webp\" media=\"(max-width: 210px)\"><source srcset=\"https:\/\/www.leparcdelagreve.com\/wp-content\/uploads\/2025\/11\/photo-638358364110673343-2-1-850x478.webp\" media=\"(max-width: 420px)\"><source srcset=\"https:\/\/www.leparcdelagreve.com\/wp-content\/uploads\/2025\/11\/photo-638358364110673343-2-1-768x432.webp\" media=\"(max-width: 850px)\"><source srcset=\"https:\/\/www.leparcdelagreve.com\/wp-content\/uploads\/2025\/11\/photo-638358364110673343-2-1-1024x576.webp\" media=\"(max-width: 1024px)\"><source srcset=\"https:\/\/www.leparcdelagreve.com\/wp-content\/uploads\/2025\/11\/photo-638358364110673343-2-1.webp\" media=\"(min-width: 1025px)\"><img decoding=\"async\" src=\"https:\/\/www.leparcdelagreve.com\/wp-content\/uploads\/2025\/11\/photo-638358364110673343-2-1-420x236.webp\" width=\"420\" height=\"210\" loading=\"lazy\" alt=\"\" title=\"\"><\/picture><\/figure><\/div><\/div><div class=\"columns__item fade-right\" style=\"align-self:center;\"><h2>Regels voor uw veiligheid<\/h2><p    >Voor uw veiligheid en hygi\u00ebne gelden in het verwarmde zwembad van Camping Le Parc de la Gr\u00e8ve de volgende regels: vooraf douchen, door het voetenbadje, niet rennen rond het zwembad, glijbaan correct gebruiken (niet met meerdere personen of hoofd eerst) en niet eten in het zwenbad. <\/p><div class=\"lireplus fc-mob\"><p    >Lees meer<\/p><div class=\"group\"><p    >Shorts, T-shirts of lange kleding zijn niet toegestaan. Het volledige reglement hangt bij de ingang van het zwembad. <\/p><\/div><\/div><p    ><strong>Belangrijk<\/strong>: Bezoekers van buitenaf hebben geen toegang tot het zwembad. Het voetenbadje en de sanitaire voorzieningen van het zwemgedeelte zijn toegankelijk voor rolstoelgebruikers. Indien nodig kan het personeel van de bar u helpen bij het zwembad te komen.  <\/p><\/div><\/div>","protected":false},"excerpt":{"rendered":"<p>Verwarmd zwembad van Camping Le Parc de la Gr\u00e8ve Wacht niet langer! Gezinsplezier en zwemmen bij Camping Le Parc de la Gr\u00e8ve Het zwembad, in de vorm van een bloem, is ontworpen voor alle leeftijden. In \u00e9\u00e9n van de \u201cbloembladeren\u201d kunnen de allerkleinsten veilig spetteren in het peuterbad, dat verbonden is met het hoofdzwembad zodat [&hellip;]<\/p>\n","protected":false},"author":1,"featured_media":0,"parent":0,"menu_order":0,"comment_status":"open","ping_status":"open","template":"","meta":{"_acf_changed":false,"footnotes":""},"acf":[],"_links":{"self":[{"href":"https:\/\/www.leparcdelagreve.com\/nl\/wp-json\/wp\/v2\/pages\/1169"}],"collection":[{"href":"https:\/\/www.leparcdelagreve.com\/nl\/wp-json\/wp\/v2\/pages"}],"about":[{"href":"https:\/\/www.leparcdelagreve.com\/nl\/wp-json\/wp\/v2\/types\/page"}],"author":[{"embeddable":true,"href":"https:\/\/www.leparcdelagreve.com\/nl\/wp-json\/wp\/v2\/users\/1"}],"replies":[{"embeddable":true,"href":"https:\/\/www.leparcdelagreve.com\/nl\/wp-json\/wp\/v2\/comments?post=1169"}],"version-history":[{"count":3,"href":"https:\/\/www.leparcdelagreve.com\/nl\/wp-json\/wp\/v2\/pages\/1169\/revisions"}],"predecessor-version":[{"id":1338,"href":"https:\/\/www.leparcdelagreve.com\/nl\/wp-json\/wp\/v2\/pages\/1169\/revisions\/1338"}],"wp:attachment":[{"href":"https:\/\/www.leparcdelagreve.com\/nl\/wp-json\/wp\/v2\/media?parent=1169"}],"curies":[{"name":"wp","href":"https:\/\/api.w.org\/{rel}","templated":true}]}}