{"id":1204,"date":"2025-10-23T14:45:23","date_gmt":"2025-10-23T12:45:23","guid":{"rendered":"https:\/\/www.leparcdelagreve.com\/nieuws-aanbiedingen\/"},"modified":"2026-03-25T16:18:53","modified_gmt":"2026-03-25T15:18:53","slug":"nieuws-aanbiedingen","status":"publish","type":"page","link":"https:\/\/www.leparcdelagreve.com\/nl\/nieuws-aanbiedingen\/","title":{"rendered":"Nieuws &amp; aanbiedingen"},"content":{"rendered":"<div class=\"diaporama-header align-full\"><div class=\"gallery\"><figure class=\"gallery__item\"><picture><source srcset=\"https:\/\/www.leparcdelagreve.com\/wp-content\/uploads\/2025\/11\/Le-Parc-de-la-Greve-Escapades_070623-24_0-420x279.webp\" media=\"(max-width: 210px)\"><source srcset=\"https:\/\/www.leparcdelagreve.com\/wp-content\/uploads\/2025\/11\/Le-Parc-de-la-Greve-Escapades_070623-24_0-850x565.webp\" media=\"(max-width: 420px)\"><source srcset=\"https:\/\/www.leparcdelagreve.com\/wp-content\/uploads\/2025\/11\/Le-Parc-de-la-Greve-Escapades_070623-24_0-768x511.webp\" media=\"(max-width: 850px)\"><source srcset=\"https:\/\/www.leparcdelagreve.com\/wp-content\/uploads\/2025\/11\/Le-Parc-de-la-Greve-Escapades_070623-24_0-1024x681.webp\" media=\"(max-width: 1024px)\"><source srcset=\"https:\/\/www.leparcdelagreve.com\/wp-content\/uploads\/2025\/11\/Le-Parc-de-la-Greve-Escapades_070623-24_0.webp\" media=\"(min-width: 1025px)\"><img loading=\"lazy\" decoding=\"async\" src=\"https:\/\/www.leparcdelagreve.com\/wp-content\/uploads\/2025\/11\/Le-Parc-de-la-Greve-Escapades_070623-24_0-420x279.webp\" width=\"420\" height=\"210\" alt=\"\" title=\"\"><\/picture><\/figure><\/div><div class=\"diaporama-header__inner\"><h1 class=\"right\">Nieuws van camping <span class=\"fc-span\">Le Parc de la Gr\u00e8ve****<\/span><\/h1><div class=\"group hide-mob\"><p class=\"center\" style=\"text-align: center;\"  >Wacht niet langer!<\/p><div class=\"buttons display-flex \" style=\"justify-content:center;\"><span class=\"buttons__btn btn-resa is-style-1\">Nu reserveren <span class=\"fc-icon\"><svg xmlns=\"http:\/\/www.w3.org\/2000\/svg\"  viewBox=\"0 0 448 512\" width=\"16px\" height=\"16px\"><!--! Font Awesome Pro 6.4.2 by @fontawesome - https:\/\/fontawesome.com License - https:\/\/fontawesome.com\/license (Commercial License) Copyright 2023 Fonticons, Inc.--><path d=\"M438.6 278.6c12.5-12.5 12.5-32.8 0-45.3l-160-160c-12.5-12.5-32.8-12.5-45.3 0s-12.5 32.8 0 45.3L338.8 224 32 224c-17.7 0-32 14.3-32 32s14.3 32 32 32l306.7 0L233.4 393.4c-12.5 12.5-12.5 32.8 0 45.3s32.8 12.5 45.3 0l160-160z\"\/><\/svg><\/span><\/span><\/div><figure class=\"bg\"><picture><source srcset=\"https:\/\/www.leparcdelagreve.com\/wp-content\/uploads\/2025\/10\/form-group-420x96.webp\" media=\"(max-width: 210px)\"><source srcset=\"https:\/\/www.leparcdelagreve.com\/wp-content\/uploads\/2025\/10\/form-group-850x194.webp\" media=\"(max-width: 420px)\"><source srcset=\"https:\/\/www.leparcdelagreve.com\/wp-content\/uploads\/2025\/10\/form-group-768x176.webp\" media=\"(max-width: 850px)\"><source srcset=\"https:\/\/www.leparcdelagreve.com\/wp-content\/uploads\/2025\/10\/form-group-1024x234.webp\" media=\"(max-width: 1024px)\"><source srcset=\"https:\/\/www.leparcdelagreve.com\/wp-content\/uploads\/2025\/10\/form-group.webp\" media=\"(min-width: 1025px)\"><img decoding=\"async\" src=\"https:\/\/www.leparcdelagreve.com\/wp-content\/uploads\/2025\/10\/form-group-420x96.webp\" width=\"420\" height=\"210\" loading=\"lazy\" alt=\"\" title=\"\"><\/picture><\/figure><\/div><figure class=\"form\"><picture><source srcset=\"https:\/\/www.leparcdelagreve.com\/wp-content\/uploads\/2025\/10\/form-diapo-header-420x28.webp\" media=\"(max-width: 210px)\"><source srcset=\"https:\/\/www.leparcdelagreve.com\/wp-content\/uploads\/2025\/10\/form-diapo-header-850x57.webp\" media=\"(max-width: 420px)\"><source srcset=\"https:\/\/www.leparcdelagreve.com\/wp-content\/uploads\/2025\/10\/form-diapo-header-768x51.webp\" media=\"(max-width: 850px)\"><source srcset=\"https:\/\/www.leparcdelagreve.com\/wp-content\/uploads\/2025\/10\/form-diapo-header-1024x68.webp\" media=\"(max-width: 1024px)\"><source srcset=\"https:\/\/www.leparcdelagreve.com\/wp-content\/uploads\/2025\/10\/form-diapo-header.webp\" media=\"(min-width: 1025px)\"><img loading=\"lazy\" decoding=\"async\" src=\"https:\/\/www.leparcdelagreve.com\/wp-content\/uploads\/2025\/10\/form-diapo-header-420x28.webp\" width=\"420\" height=\"210\" alt=\"\" title=\"\"><\/picture><\/figure><\/div><\/div><h2 class=\"h1\" style=\"text-align: center;\">Ons nieuws<\/h2><div class=\"columns cards\"><div class=\"columns__item\"><h3>Annuleringsverzekering<\/h3><p    >Nieuw: Annuleringsverzekering zonder bewijsstukken.Een nieuwe manier om met een gerust hart op vakantie te vertrekken.Bij Camping **** Ushua\u00efa Villages Le Parc de la Gr\u00e8ve bieden wij u\u2026<\/p><div class=\"buttons\"><a href=\"https:\/\/www.leparcdelagreve.com\/nl\/nieuws-aanbiedingen\/annuleringsverzekering\/\" rel=\"noreferrer noopener\" rel=\"noreferrer noopener\" class=\"buttons__btn\">Meer weten<\/a><\/div><\/div><div class=\"columns__item\"><h3>Kort verblijf op de camping<\/h3><p    >Kort verblijf in de Vend\u00e9e: vrijheid en flexibiliteit op camping Le Parc de la Gr\u00e8ve<br\/>Zin in een korte vakantie in de Vend\u00e9e, zonder vaste data of verplichtingen\u2026<\/p><div class=\"buttons\"><a href=\"https:\/\/www.leparcdelagreve.com\/nl\/nieuws-aanbiedingen\/kort-verblijf-op-de-camping\/\" rel=\"noreferrer noopener\" rel=\"noreferrer noopener\" class=\"buttons__btn\">Meer weten<\/a><\/div><\/div><div class=\"columns__item\"><h3>Familie-evenementen<\/h3><p    >Trouwerij, verjaardag, familiebijeenkomst: beleef uw evenementen in de Vend\u00e9e! Neemt u deel aan een bruiloft of familiefeest in L\u2019Aiguillon-sur-Vie of omgeving\u2026 <\/p><div class=\"buttons\"><a href=\"https:\/\/www.leparcdelagreve.com\/actualites-offres\/evenements-familiaux\/\" rel=\"noreferrer noopener\" rel=\"noreferrer noopener\" class=\"buttons__btn\">Meer weten<\/a><\/div><\/div><\/div><h2 class=\"h1\" style=\"text-align: center;\">Onze aanbiedingen &amp; arrangementen<\/h2><div class=\"columns cards\"><div class=\"columns__item\"><h3>Hotelarrangementen bij Le Parc de la Gr\u00e8ve<\/h3><p    >Het hotelarrangement op Camping Ushua\u00efa Villages Le Parc de la Gr\u00e8ve<br\/>Ontdek een unieke verblijfsbeleving in het hart van L\u2019Aiguillon-sur-Vie,\u2026<\/p><div class=\"buttons\"><a href=\"https:\/\/www.leparcdelagreve.com\/nl\/nieuws-aanbiedingen\/hotelserviceformule\/\" rel=\"noreferrer noopener\" rel=\"noreferrer noopener\" class=\"buttons__btn\">Meer weten<\/a><\/div><\/div><div class=\"columns__item\"><h3>Weekendformule<\/h3><p    >Het semi-hotelweekendarrangement in L\u2019Aiguillon-sur-Vie<br\/>Trakteer uzelf op een ontspannen en zorgeloze getaway in het hart van L\u2019Aiguillon-sur-Vie met ons arrangement\u2026<\/p><div class=\"buttons\"><a href=\"https:\/\/www.leparcdelagreve.com\/nl\/nieuws-aanbiedingen\/weekendformule\/\" rel=\"noreferrer noopener\" rel=\"noreferrer noopener\" class=\"buttons__btn\">Meer weten<\/a><\/div><\/div><div class=\"columns__item\"><\/div><\/div><h2 class=\"h1\" style=\"text-align: center;\">Campingblog<\/h2><div class=\"columns cards\"><div class=\"columns__item\"><h3>Goedkope camping<\/h3><p    >Uw goedkope camping in L\u2019Aiguillon-sur-Vie<br\/>Wilt u op vakantie zonder veel uit te geven, in een rustige en groene omgeving? Welkom bij de goedkope camping\u2026 <\/p><div class=\"buttons\"><a href=\"https:\/\/www.leparcdelagreve.com\/actualites-offres\/camping-pas-cher\/\" rel=\"noreferrer noopener\" rel=\"noreferrer noopener\" class=\"buttons__btn\">Meer weten<\/a><\/div><\/div><div class=\"columns__item\"><h3>Motorrijders<\/h3><p    >Motoruitstapje bij Camping Le Parc de la Gr\u00e8ve<br\/>Trakteer uzelf op een ontspannen tussenstop in de Vend\u00e9e, in een gastvrij en comfortabel kader. Of u nu\u2026 <\/p><div class=\"buttons\"><a href=\"https:\/\/www.leparcdelagreve.com\/actualites-offres\/motards\/\" rel=\"noreferrer noopener\" rel=\"noreferrer noopener\" class=\"buttons__btn\">Meer weten<\/a><\/div><\/div><div class=\"columns__item\"><h3>Dagelijks aankomst<\/h3><p    >In het Parc de la Gr\u00e8ve, vlakbij Saint Gilles Croix de Vie, heten wij onze vakantiegangers elke dag van de week welkom, of het nu maandag, dinsdag, woensdag, donderdag, vrijdag, zaterdag of zondag is.<\/p><div class=\"buttons\"><a href=\"https:\/\/www.leparcdelagreve.com\/nl\/nieuws-aanbiedingen\/dagelijks-aankomst\/\" rel=\"noreferrer noopener\" rel=\"noreferrer noopener\" class=\"buttons__btn\">Meer weten<\/a><\/div><\/div><\/div><div class=\"columns cards\"><div class=\"columns__item\"><h3>Stranden<\/h3><p    >Gelegen op slechts enkele minuten van de Vend\u00e9e-kust is Camping Ushua\u00efa Villages Le Parc de la Gr\u00e8ve ideaal gelegen om een grote verscheidenheid aan stranden in de Vend\u00e9e te ontdekken.<\/p><div class=\"buttons\"><a href=\"https:\/\/www.leparcdelagreve.com\/nl\/nieuws-aanbiedingen\/stranden\/\" rel=\"noreferrer noopener\" rel=\"noreferrer noopener\" class=\"buttons__btn\">Meer weten<\/a><\/div><\/div><div class=\"columns__item\"><h3>L&#8217;\u00cele d&#8217;Yeu<\/h3><p    >Camping Ushua\u00efa Villages Le Parc de la Gr\u00e8ve is het ideale vertrekpunt om een van de mooiste eilanden van de Atlantische kust te ontdekken: \u00cele d\u2019Yeu.<\/p><div class=\"buttons\"><a href=\"https:\/\/www.leparcdelagreve.com\/nl\/nieuws-aanbiedingen\/lile-dyeu\/\" rel=\"noreferrer noopener\" rel=\"noreferrer noopener\" class=\"buttons__btn\">Meer weten<\/a><\/div><\/div><div class=\"columns__item\"><h3>Puy du fou<\/h3><p    >Tijdens uw verblijf op Camping Ushua\u00efa Villages Le Parc de la Gr\u00e8ve mag u een bezoek aan Puy du Fou zeker niet missen.<\/p><div class=\"buttons\"><a href=\"https:\/\/www.leparcdelagreve.com\/actualites-offres\/le-puy-du-fou\/\" rel=\"noreferrer noopener\" rel=\"noreferrer noopener\" class=\"buttons__btn\">Meer weten<\/a><\/div><\/div><\/div>","protected":false},"excerpt":{"rendered":"<p>Nieuws van camping Le Parc de la Gr\u00e8ve**** Wacht niet langer! Ons nieuws Annuleringsverzekering Nieuw: Annuleringsverzekering zonder bewijsstukken.Een nieuwe manier om met een gerust hart op vakantie te vertrekken.Bij Camping **** Ushua\u00efa Villages Le Parc de la Gr\u00e8ve bieden wij u\u2026 Kort verblijf op de camping Kort verblijf in de Vend\u00e9e: vrijheid en flexibiliteit op [&hellip;]<\/p>\n","protected":false},"author":1,"featured_media":0,"parent":0,"menu_order":0,"comment_status":"open","ping_status":"open","template":"","meta":{"_acf_changed":false,"footnotes":""},"acf":[],"_links":{"self":[{"href":"https:\/\/www.leparcdelagreve.com\/nl\/wp-json\/wp\/v2\/pages\/1204"}],"collection":[{"href":"https:\/\/www.leparcdelagreve.com\/nl\/wp-json\/wp\/v2\/pages"}],"about":[{"href":"https:\/\/www.leparcdelagreve.com\/nl\/wp-json\/wp\/v2\/types\/page"}],"author":[{"embeddable":true,"href":"https:\/\/www.leparcdelagreve.com\/nl\/wp-json\/wp\/v2\/users\/1"}],"replies":[{"embeddable":true,"href":"https:\/\/www.leparcdelagreve.com\/nl\/wp-json\/wp\/v2\/comments?post=1204"}],"version-history":[{"count":9,"href":"https:\/\/www.leparcdelagreve.com\/nl\/wp-json\/wp\/v2\/pages\/1204\/revisions"}],"predecessor-version":[{"id":1294,"href":"https:\/\/www.leparcdelagreve.com\/nl\/wp-json\/wp\/v2\/pages\/1204\/revisions\/1294"}],"wp:attachment":[{"href":"https:\/\/www.leparcdelagreve.com\/nl\/wp-json\/wp\/v2\/media?parent=1204"}],"curies":[{"name":"wp","href":"https:\/\/api.w.org\/{rel}","templated":true}]}}