{"id":1210,"date":"2025-10-23T14:45:23","date_gmt":"2025-10-23T12:45:23","guid":{"rendered":"https:\/\/www.leparcdelagreve.com\/vanlife\/"},"modified":"2026-03-20T17:35:25","modified_gmt":"2026-03-20T16:35:25","slug":"vanlife","status":"publish","type":"page","link":"https:\/\/www.leparcdelagreve.com\/nl\/vanlife\/","title":{"rendered":"Vanlife"},"content":{"rendered":"<div class=\"diaporama-header align-full\"><div class=\"gallery\"><figure class=\"gallery__item\"><picture><source srcset=\"https:\/\/www.leparcdelagreve.com\/wp-content\/uploads\/2025\/11\/AdobeStock_376558142-420x280.webp\" media=\"(max-width: 210px)\"><source srcset=\"https:\/\/www.leparcdelagreve.com\/wp-content\/uploads\/2025\/11\/AdobeStock_376558142-850x567.webp\" media=\"(max-width: 420px)\"><source srcset=\"https:\/\/www.leparcdelagreve.com\/wp-content\/uploads\/2025\/11\/AdobeStock_376558142-768x512.webp\" media=\"(max-width: 850px)\"><source srcset=\"https:\/\/www.leparcdelagreve.com\/wp-content\/uploads\/2025\/11\/AdobeStock_376558142-1024x683.webp\" media=\"(max-width: 1024px)\"><source srcset=\"https:\/\/www.leparcdelagreve.com\/wp-content\/uploads\/2025\/11\/AdobeStock_376558142.webp\" media=\"(min-width: 1025px)\"><img loading=\"lazy\" decoding=\"async\" src=\"https:\/\/www.leparcdelagreve.com\/wp-content\/uploads\/2025\/11\/AdobeStock_376558142-420x280.webp\" width=\"420\" height=\"210\" alt=\"\" title=\"\"><\/picture><\/figure><\/div><div class=\"diaporama-header__inner\"><h1 class=\"right\">Beleef Van Life bij Camping Ushua\u00efa Villages <span class=\"fc-span\">Le Parc de la Gr\u00e8ve<\/span><\/h1><div class=\"group hide-mob\"><p class=\"center\" style=\"text-align: center;\"  >Wacht niet langer!<\/p><div class=\"buttons display-flex \" style=\"justify-content:center;\"><span class=\"buttons__btn btn-resa is-style-1\">Nu reserveren <span class=\"fc-icon\"><svg xmlns=\"http:\/\/www.w3.org\/2000\/svg\"  viewBox=\"0 0 448 512\" width=\"16px\" height=\"16px\"><!--! Font Awesome Pro 6.4.2 by @fontawesome - https:\/\/fontawesome.com License - https:\/\/fontawesome.com\/license (Commercial License) Copyright 2023 Fonticons, Inc.--><path d=\"M438.6 278.6c12.5-12.5 12.5-32.8 0-45.3l-160-160c-12.5-12.5-32.8-12.5-45.3 0s-12.5 32.8 0 45.3L338.8 224 32 224c-17.7 0-32 14.3-32 32s14.3 32 32 32l306.7 0L233.4 393.4c-12.5 12.5-12.5 32.8 0 45.3s32.8 12.5 45.3 0l160-160z\"\/><\/svg><\/span><\/span><\/div><figure class=\"bg\"><picture><source srcset=\"https:\/\/www.leparcdelagreve.com\/wp-content\/uploads\/2025\/10\/form-group-420x96.webp\" media=\"(max-width: 210px)\"><source srcset=\"https:\/\/www.leparcdelagreve.com\/wp-content\/uploads\/2025\/10\/form-group-850x194.webp\" media=\"(max-width: 420px)\"><source srcset=\"https:\/\/www.leparcdelagreve.com\/wp-content\/uploads\/2025\/10\/form-group-768x176.webp\" media=\"(max-width: 850px)\"><source srcset=\"https:\/\/www.leparcdelagreve.com\/wp-content\/uploads\/2025\/10\/form-group-1024x234.webp\" media=\"(max-width: 1024px)\"><source srcset=\"https:\/\/www.leparcdelagreve.com\/wp-content\/uploads\/2025\/10\/form-group.webp\" media=\"(min-width: 1025px)\"><img decoding=\"async\" src=\"https:\/\/www.leparcdelagreve.com\/wp-content\/uploads\/2025\/10\/form-group-420x96.webp\" width=\"420\" height=\"210\" loading=\"lazy\" alt=\"\" title=\"\"><\/picture><\/figure><\/div><figure class=\"form\"><picture><source srcset=\"https:\/\/www.leparcdelagreve.com\/wp-content\/uploads\/2025\/10\/form-diapo-header-420x28.webp\" media=\"(max-width: 210px)\"><source srcset=\"https:\/\/www.leparcdelagreve.com\/wp-content\/uploads\/2025\/10\/form-diapo-header-850x57.webp\" media=\"(max-width: 420px)\"><source srcset=\"https:\/\/www.leparcdelagreve.com\/wp-content\/uploads\/2025\/10\/form-diapo-header-768x51.webp\" media=\"(max-width: 850px)\"><source srcset=\"https:\/\/www.leparcdelagreve.com\/wp-content\/uploads\/2025\/10\/form-diapo-header-1024x68.webp\" media=\"(max-width: 1024px)\"><source srcset=\"https:\/\/www.leparcdelagreve.com\/wp-content\/uploads\/2025\/10\/form-diapo-header.webp\" media=\"(min-width: 1025px)\"><img loading=\"lazy\" decoding=\"async\" src=\"https:\/\/www.leparcdelagreve.com\/wp-content\/uploads\/2025\/10\/form-diapo-header-420x28.webp\" width=\"420\" height=\"210\" alt=\"\" title=\"\"><\/picture><\/figure><\/div><\/div><div class=\"columns mini\" style=\"align-items:center;\"><div class=\"columns__item flex-05 fade-left\" style=\"align-self:center;\"><p class=\"wording bg-2\"   >Tussen vrijheid<span class=\"fc-span\"> en natuur<\/span><\/p><\/div><div class=\"columns__item fade-right\" style=\"align-self:center;\"><h2>Uw buscamper, uw cocon, uw avontuur<\/h2><p    ><strong>Van Life <\/strong>trekt steeds meer reizigers aan die op zoek zijn naar vrijheid, eenvoud en natuur. Reizen met een buscamper betekent dat u uw omgeving kunt veranderen volgens uw wensen, terwijl u uw eigen kleine cocon bij u houdt. Op Camping <strong>Ushua\u00efa Villages Le Parc de la Gr\u00e8ve <\/strong>verwelkomen wij Van Life-liefhebbers in een groene, comfortabele en gezellige omgeving, op een steenworp afstand van de oceaan.  <\/p><\/div><\/div><div class=\"columns reverse-mob has-bleu-bg-color has-bg align-full\" style=\"background-color:var(--bleu);\"><div class=\"columns__item\"><div class=\"gallery height-adapt\"><figure class=\"gallery__item\"><picture><source srcset=\"https:\/\/www.leparcdelagreve.com\/wp-content\/uploads\/2025\/11\/AdobeStock_483486568-420x206.webp\" media=\"(max-width: 210px)\"><source srcset=\"https:\/\/www.leparcdelagreve.com\/wp-content\/uploads\/2025\/11\/AdobeStock_483486568-850x417.webp\" media=\"(max-width: 420px)\"><source srcset=\"https:\/\/www.leparcdelagreve.com\/wp-content\/uploads\/2025\/11\/AdobeStock_483486568-768x377.webp\" media=\"(max-width: 850px)\"><source srcset=\"https:\/\/www.leparcdelagreve.com\/wp-content\/uploads\/2025\/11\/AdobeStock_483486568-1024x502.webp\" media=\"(max-width: 1024px)\"><source srcset=\"https:\/\/www.leparcdelagreve.com\/wp-content\/uploads\/2025\/11\/AdobeStock_483486568.webp\" media=\"(min-width: 1025px)\"><img decoding=\"async\" src=\"https:\/\/www.leparcdelagreve.com\/wp-content\/uploads\/2025\/11\/AdobeStock_483486568-420x206.webp\" width=\"420\" height=\"210\" loading=\"lazy\" alt=\"\" title=\"\"><\/picture><\/figure><\/div><\/div><div class=\"columns__item\" style=\"align-self:center;\"><h2>Een ontvangst op maat van buscampers<\/h2><p    >Of u nu reist met een omgebouwde buscamper, bestelwagen of kleine camper, de staanplaatsen van Camping Ushua\u00efa Villages Le Parc de la Gr\u00e8ve zijn perfect geschikt. Ruim, groen en rustig, met elektriciteit en water direct op de \u2018grand confort\u2019-plaatsen. Tevens vindt u lozings- en bijvulpunten, zodat u zorgeloos van uw Van Life-avontuur kunt genieten.  <\/p><p    >Let op: om de rust voor iedereen te bewaren, is de <strong>campingpoort vanaf 23.00 uur gesloten<\/strong>. Houd hier rekening mee bij uw terugkeer \u2019s avonds, zodat u onbezorgd van uw verblijf kunt genieten. <\/p><\/div><\/div><div class=\"columns sec-15\"><div class=\"columns__item fade-right\" style=\"align-self:center;\"><h2>Comfort en gezelligheid<\/h2><p    >Van Life staat voor autonomie, maar betekent niet dat u moet inleveren op comfort! Camping Ushua\u00efa Villages Le Parc de la Gr\u00e8ve biedt moderne sanitaire voorzieningen, een verwarmd zwembad, een kwaliteits-snackbar en gemeenschappelijke ruimtes om te ontspannen of andere reizigers te ontmoeten. Het is de perfecte gelegenheid om reisanekdotes uit te wisselen tijdens een maaltijd of een gezellige avond.  <\/p><div class=\"lireplus fc-desk\"><p    >Lees meer<\/p><div class=\"group\"><h3 class=\"h4\">Natuur en vrijheid<\/h3><p    >Gelegen in het hart van een groen park biedt Camping Ushua\u00efa Villages Le Parc de la Gr\u00e8ve de perfecte natuurlijke omgeving voor Van Life-liefhebbers die vrijheid en rust zoeken. Vanuit uw buscamper ontdekt u gemakkelijk de stranden, havens en fietsroutes van de Vend\u00e9e-kust. Na een dag vol avontuur kunt u ontspannen bij uw camper en genieten van een prachtige zonsondergang vanaf uw staanplaats.  <\/p><\/div><\/div><\/div><div class=\"columns__item fade-left\"><div class=\"gallery f-carousel fc-diapo-mob\" data-fancybox=\"gallery-mob\"><figure class=\"gallery__item\"><picture><source srcset=\"https:\/\/www.leparcdelagreve.com\/wp-content\/uploads\/2025\/11\/AdobeStock_567559830-420x234.webp\" media=\"(max-width: 210px)\"><source srcset=\"https:\/\/www.leparcdelagreve.com\/wp-content\/uploads\/2025\/11\/AdobeStock_567559830-850x474.webp\" media=\"(max-width: 420px)\"><source srcset=\"https:\/\/www.leparcdelagreve.com\/wp-content\/uploads\/2025\/11\/AdobeStock_567559830-768x428.webp\" media=\"(max-width: 850px)\"><source srcset=\"https:\/\/www.leparcdelagreve.com\/wp-content\/uploads\/2025\/11\/AdobeStock_567559830-1024x571.webp\" media=\"(max-width: 1024px)\"><source srcset=\"https:\/\/www.leparcdelagreve.com\/wp-content\/uploads\/2025\/11\/AdobeStock_567559830.webp\" media=\"(min-width: 1025px)\"><img decoding=\"async\" src=\"https:\/\/www.leparcdelagreve.com\/wp-content\/uploads\/2025\/11\/AdobeStock_567559830-420x234.webp\" width=\"420\" height=\"210\" loading=\"lazy\" alt=\"\" title=\"\"><\/picture><\/figure><figure class=\"gallery__item\"><picture><source srcset=\"https:\/\/www.leparcdelagreve.com\/wp-content\/uploads\/2025\/11\/AdobeStock_860633478-420x280.webp\" media=\"(max-width: 210px)\"><source srcset=\"https:\/\/www.leparcdelagreve.com\/wp-content\/uploads\/2025\/11\/AdobeStock_860633478-850x566.webp\" media=\"(max-width: 420px)\"><source srcset=\"https:\/\/www.leparcdelagreve.com\/wp-content\/uploads\/2025\/11\/AdobeStock_860633478-768x512.webp\" media=\"(max-width: 850px)\"><source srcset=\"https:\/\/www.leparcdelagreve.com\/wp-content\/uploads\/2025\/11\/AdobeStock_860633478-1024x682.webp\" media=\"(max-width: 1024px)\"><source srcset=\"https:\/\/www.leparcdelagreve.com\/wp-content\/uploads\/2025\/11\/AdobeStock_860633478.webp\" media=\"(min-width: 1025px)\"><img decoding=\"async\" src=\"https:\/\/www.leparcdelagreve.com\/wp-content\/uploads\/2025\/11\/AdobeStock_860633478-420x280.webp\" width=\"420\" height=\"210\" loading=\"lazy\" alt=\"\" title=\"\"><\/picture><\/figure><\/div><\/div><\/div><div class=\"columns mini\" style=\"align-items:center;\"><div class=\"columns__item flex-05 fade-left\" style=\"align-self:center;\"><p class=\"wording bg-2\"   >Weekend of <span class=\"fc-span\">roadtrip<\/span><\/p><\/div><div class=\"columns__item fade-right\" style=\"align-self:center;\"><h2>Een ideale tussenstop in de Vend\u00e9e<\/h2><p    >Dankzij de gunstige ligging in het hart van het Pays de Saint Gilles Croix de Vie is Camping <em>Le Parc de la Gr\u00e8ve<\/em> een perfecte tussenstop voor reizigers met een buscamper die de Vend\u00e9e of de Atlantische kust verkennen. Of u nu een roadtrip van enkele weken maakt of een weekendje weg bent, onze camping combineert de vrijheid van Van Life met het comfort van een gastvrij verblijf. <\/p><\/div><\/div><div class=\"columns reverse-mob has-bleu-bg-color has-bg align-full\" style=\"background-color:var(--bleu);\"><div class=\"columns__item\"><div class=\"gallery height-adapt\"><figure class=\"gallery__item\"><picture><source srcset=\"https:\/\/www.leparcdelagreve.com\/wp-content\/uploads\/2025\/11\/AdobeStock_1520033669-420x236.webp\" media=\"(max-width: 210px)\"><source srcset=\"https:\/\/www.leparcdelagreve.com\/wp-content\/uploads\/2025\/11\/AdobeStock_1520033669-850x478.webp\" media=\"(max-width: 420px)\"><source srcset=\"https:\/\/www.leparcdelagreve.com\/wp-content\/uploads\/2025\/11\/AdobeStock_1520033669-768x432.webp\" media=\"(max-width: 850px)\"><source srcset=\"https:\/\/www.leparcdelagreve.com\/wp-content\/uploads\/2025\/11\/AdobeStock_1520033669-1024x576.webp\" media=\"(max-width: 1024px)\"><source srcset=\"https:\/\/www.leparcdelagreve.com\/wp-content\/uploads\/2025\/11\/AdobeStock_1520033669.webp\" media=\"(min-width: 1025px)\"><img decoding=\"async\" src=\"https:\/\/www.leparcdelagreve.com\/wp-content\/uploads\/2025\/11\/AdobeStock_1520033669-420x236.webp\" width=\"420\" height=\"210\" loading=\"lazy\" alt=\"\" title=\"\"><\/picture><\/figure><\/div><\/div><div class=\"columns__item\" style=\"align-self:center;\"><h3>Een tussenstop tijdens uw \u2018Ushua\u00efa Villages\u2019-roadtrip<\/h3><p    >Reizen met een buscamper staat voor de ultieme vrijheid om te bewegen en uw eigen route te bepalen. Camping Ushua\u00efa Villages <em>Le Parc de la Gr\u00e8ve<\/em> is ideaal als tussenstop tijdens een<strong> Ushua\u00efa Villages-roadtrip<\/strong> langs de Atlantische kust, waardoor uw Van Life-avontuur nog gemakkelijker en comfortabeler wordt. <\/p><p    >Met de campings van Ushua\u00efa Villages ervaart u bij elke tussenstop dezelfde gastvrije sfeer: gezelligheid, authenticiteit en een natuurlijke omgeving. Hier is een voorbeeld van een route, met dagetappes van circa 3<strong> uur<\/strong>, ideaal voor Van Life-reizigers langs de Atlantische kust. <\/p><div class=\"lireplus fc-desk\"><p    >Lees meer<\/p><div class=\"group\"><ul><li>Vertrek vanuit Loire-Atlantique: <strong><a href=\"https:\/\/ushuaia-villages.com\/nos-villages\/camping-lestuaire\/\" target=\"_blank\" data-type=\"link\" data-id=\"https:\/\/ushuaia-villages.com\/nos-villages\/camping-lestuaire\/\" rel=\"noreferrer noopener\">Ushua\u00efa Villages L\u2019Estuaire (Paimboeuf) <\/a><\/strong>\u2013 de Loire-estuarium zoals u het nog nooit hebt gezien.\n<\/li><li>Etappe 1: <strong>Ushua\u00efa Villages Le Parc de la Gr\u00e8ve (L\u2019Aiguillon-sur-Vie, Vend\u00e9e) <\/strong>\u2013 perfect gelegen in de Vend\u00e9e om de badplaatsen Saint Gilles Croix de Vie en Les Sables d\u2019Olonne te ontdekken, of te genieten van de Atlantische kust met uitgestrekte stranden en indrukwekkende kliffen. Ideaal voor Van Life-reizigers en roadtrips langs de Vend\u00e9e-kust. \n<\/li><li><strong>Etappe 2: Ushua\u00efa Villages Les Foug\u00e8res (\u00cele de R\u00e9, Charentes Maritimes) <\/strong>\u2192 voor de zeelucht en fietstochten tussen stranden en zoutmoerassen.\n<\/li><li>Etappe 3: <strong><a href=\"https:\/\/www.campinglamaiade.fr\/\" target=\"_blank\" data-type=\"link\" data-id=\"https:\/\/www.campinglamaiade.fr\/\" rel=\"noreferrer noopener\">Ushua\u00efa Villages La Ma\u00efade (Mimizan, Landes) <\/a><\/strong>\u2192 een perfecte stop om te genieten van de oceaan en de uitgestrekte dennenbossen.\n<\/li><\/ul><p    ><strong>Beleef de Van Life-ervaring op Camping Ushua\u00efa Villages Le Parc de la Gr\u00e8ve \u2013 een plek vol authenticiteit, natuur en gezellige ontmoetingen voor Van Life-liefhebbers.<\/strong><\/p><\/div><\/div><\/div><\/div>","protected":false},"excerpt":{"rendered":"<p>Beleef Van Life bij Camping Ushua\u00efa Villages Le Parc de la Gr\u00e8ve Wacht niet langer! Tussen vrijheid en natuur Uw buscamper, uw cocon, uw avontuur Van Life trekt steeds meer reizigers aan die op zoek zijn naar vrijheid, eenvoud en natuur. Reizen met een buscamper betekent dat u uw omgeving kunt veranderen volgens uw wensen, [&hellip;]<\/p>\n","protected":false},"author":1,"featured_media":0,"parent":0,"menu_order":0,"comment_status":"open","ping_status":"open","template":"","meta":{"_acf_changed":false,"footnotes":""},"acf":[],"_links":{"self":[{"href":"https:\/\/www.leparcdelagreve.com\/nl\/wp-json\/wp\/v2\/pages\/1210"}],"collection":[{"href":"https:\/\/www.leparcdelagreve.com\/nl\/wp-json\/wp\/v2\/pages"}],"about":[{"href":"https:\/\/www.leparcdelagreve.com\/nl\/wp-json\/wp\/v2\/types\/page"}],"author":[{"embeddable":true,"href":"https:\/\/www.leparcdelagreve.com\/nl\/wp-json\/wp\/v2\/users\/1"}],"replies":[{"embeddable":true,"href":"https:\/\/www.leparcdelagreve.com\/nl\/wp-json\/wp\/v2\/comments?post=1210"}],"version-history":[{"count":1,"href":"https:\/\/www.leparcdelagreve.com\/nl\/wp-json\/wp\/v2\/pages\/1210\/revisions"}],"predecessor-version":[{"id":1211,"href":"https:\/\/www.leparcdelagreve.com\/nl\/wp-json\/wp\/v2\/pages\/1210\/revisions\/1211"}],"wp:attachment":[{"href":"https:\/\/www.leparcdelagreve.com\/nl\/wp-json\/wp\/v2\/media?parent=1210"}],"curies":[{"name":"wp","href":"https:\/\/api.w.org\/{rel}","templated":true}]}}