{"id":1242,"date":"2026-03-25T10:33:55","date_gmt":"2026-03-25T09:33:55","guid":{"rendered":"https:\/\/www.leparcdelagreve.com\/?page_id=1242"},"modified":"2026-03-25T10:33:56","modified_gmt":"2026-03-25T09:33:56","slug":"dagelijks-aankomst","status":"publish","type":"page","link":"https:\/\/www.leparcdelagreve.com\/nl\/nieuws-aanbiedingen\/dagelijks-aankomst\/","title":{"rendered":"Dagelijks aankomst"},"content":{"rendered":"<div class=\"buttons\"><a href=\"https:\/\/www.leparcdelagreve.com\/nl\/nieuws-aanbiedingen\/\" rel=\"noreferrer noopener\" rel=\"noreferrer noopener\" class=\"buttons__btn btn-retour\">Terug<\/a><\/div><div class=\"group\"><h2>Kom wanneer u wilt naar Camping Ushua\u00efa Villages Le Parc de la Gr\u00e8ve<\/h2><p    >Droomt u van een flexibele vakantie, zonder vaste aankomstdagen? Op Camping Ushua\u00efa Villages \u2013 Le Parc de la Gr\u00e8ve, vlakbij Saint Gilles Croix de Vie, verwelkomen we onze gasten elke dag van de week: of het nu maandag, dinsdag, woensdag, donderdag, vrijdag, zaterdag of zondag is. Of u nu kiest voor een stacaravan, een lodge of een kampeerplaats, wij garanderen u een eenvoudige en snelle aankomst, zowel in de zomer als buiten het seizoen. <\/p><h2>Flexibele aankomsttijden, elke dag van de week<\/h2><p    >Bij Parc de la Gr\u00e8ve is flexibiliteit onze kracht. U kunt uw vakantie helemaal naar eigen wens plannen, zonder dat u op een bepaalde aankomstdag hoeft te wachten. Of u nu liever aan het begin van de week begint voor een kort verblijf of wilt genieten van een lang weekend, wij passen ons aan uw wensen aan.  <\/p><ul><li>Aankomst op maandag: begin uw week met ontspanning en natuur.\n<\/li><li>Aankomst op dinsdag of woensdag: geniet van een verblijf buiten het hoogseizoen.\n<\/li><li>Aankomst op donderdag of vrijdag: ideaal voor een weekendje weg of een langer verblijf.\n<\/li><li>Aankomst op zaterdag of zondag: ideaal voor uw zomervakantie of een kort verblijf.\n<\/li><\/ul><p    >Dankzij deze flexibiliteit is Camping Ushua\u00efa Villages Le Parc de la Gr\u00e8ve d\u00e9 specialist voor korte verblijven in de buurt van Saint-Gilles-Croix-de-Vie.<\/p><h2>Er zijn allerlei soorten accommodaties beschikbaar voor uw verblijf<\/h2><p    >Wij bieden een compleet assortiment om aan alle behoeften te voldoen:<\/p><ul><li>Stacaravans: modern comfort, een volledig ingerichte keuken en een overdekt terras om optimaal van uw verblijf te genieten.\n<\/li><li>Lodges: midden in de natuur, met alle comfort voor een onvergetelijke glamping-ervaring.\n<\/li><li>Kampeerplaatsen: voor tenten, caravans of campers, met aansluiting op elektriciteit en sanitair.\n<\/li><\/ul><p    >Wat u ook kiest, u kunt op elke dag van de week aankomen, ook buiten het seizoen, voor een verblijf op maat.<\/p><h2>Vakantie in de zomer of buiten het seizoen: altijd mogelijk<\/h2><p    >Op Camping Le Parc de la Gr\u00e8ve verwelkomen we het hele jaar door vakantiegangers:<\/p><ul><li>Zomer: geniet van de zon in de Vend\u00e9e, het verwarmde zwembad en de vele activiteiten voor jong en oud.\n<\/li><li>Buiten het seizoen: aantrekkelijke tarieven, minder drukte en een ongerepte natuurlijke omgeving voor een rustig en ontspannen verblijf.\n<\/li><\/ul><p    >Of u nu zin heeft in een kort uitstapje of een langer verblijf, onze camping is ideaal voor alle wensen en soorten verblijven.<\/p><h2>Waarom zou u Le Parc de la Gr\u00e8ve kiezen voor uw flexibele aankomsten?<\/h2><ul><li>Aankomst elke dag van de week: geen wachttijden of beperkingen qua data meer.\n<\/li><li>Specialist in korte vakanties: haal het maximale uit uw vakantie, zelfs als het maar om een paar nachten gaat.\n<\/li><li>Vlak bij Saint Gilles Croix de Vie: een ideale locatie om de Vend\u00e9e en haar stranden te verkennen.\n<\/li><li>Alle soorten accommodaties: stacaravans, lodges of kampeerplaatsen, afhankelijk van uw wensen en budget.\n<\/li><li>Zomervakanties en buiten het seizoen: maximale flexibiliteit om uw verblijf te plannen wanneer u maar wilt.\n<\/li><\/ul><h2>Reserveer vandaag nog uw verblijf op Camping Le Parc de la Gr\u00e8ve<\/h2><p    >Dankzij onze dagelijkse aankomsten kunt u uw verblijf helemaal naar wens samenstellen, of het nu gaat om een kort verblijf, een lang weekend of een gezinsvakantie.<\/p><p    >Stacaravan, lodge of kampeerplaats, in de zomer of buiten het seizoen: geniet van de vrijheid om uw aankomstdag zelf te kiezen en beleef een vakantie zonder verplichtingen op Camping Ushua\u00efa Villages \u2013 Le Parc de la Gr\u00e8ve, vlak bij Saint Gilles Croix de Vie.<\/p><\/div>","protected":false},"excerpt":{"rendered":"<p>Kom wanneer u wilt naar Camping Ushua\u00efa Villages Le Parc de la Gr\u00e8ve Droomt u van een flexibele vakantie, zonder vaste aankomstdagen? Op Camping Ushua\u00efa Villages \u2013 Le Parc de la Gr\u00e8ve, vlakbij Saint Gilles Croix de Vie, verwelkomen we onze gasten elke dag van de week: of het nu maandag, dinsdag, woensdag, donderdag, vrijdag, [&hellip;]<\/p>\n","protected":false},"author":3,"featured_media":0,"parent":1204,"menu_order":0,"comment_status":"closed","ping_status":"closed","template":"","meta":{"_acf_changed":false,"footnotes":""},"acf":[],"_links":{"self":[{"href":"https:\/\/www.leparcdelagreve.com\/nl\/wp-json\/wp\/v2\/pages\/1242"}],"collection":[{"href":"https:\/\/www.leparcdelagreve.com\/nl\/wp-json\/wp\/v2\/pages"}],"about":[{"href":"https:\/\/www.leparcdelagreve.com\/nl\/wp-json\/wp\/v2\/types\/page"}],"author":[{"embeddable":true,"href":"https:\/\/www.leparcdelagreve.com\/nl\/wp-json\/wp\/v2\/users\/3"}],"replies":[{"embeddable":true,"href":"https:\/\/www.leparcdelagreve.com\/nl\/wp-json\/wp\/v2\/comments?post=1242"}],"version-history":[{"count":1,"href":"https:\/\/www.leparcdelagreve.com\/nl\/wp-json\/wp\/v2\/pages\/1242\/revisions"}],"predecessor-version":[{"id":1243,"href":"https:\/\/www.leparcdelagreve.com\/nl\/wp-json\/wp\/v2\/pages\/1242\/revisions\/1243"}],"up":[{"embeddable":true,"href":"https:\/\/www.leparcdelagreve.com\/nl\/wp-json\/wp\/v2\/pages\/1204"}],"wp:attachment":[{"href":"https:\/\/www.leparcdelagreve.com\/nl\/wp-json\/wp\/v2\/media?parent=1242"}],"curies":[{"name":"wp","href":"https:\/\/api.w.org\/{rel}","templated":true}]}}