{"id":1259,"date":"2026-03-25T14:02:38","date_gmt":"2026-03-25T13:02:38","guid":{"rendered":"https:\/\/www.leparcdelagreve.com\/?page_id=1259"},"modified":"2026-03-26T14:03:07","modified_gmt":"2026-03-26T13:03:07","slug":"stranden","status":"publish","type":"page","link":"https:\/\/www.leparcdelagreve.com\/nl\/nieuws-aanbiedingen\/stranden\/","title":{"rendered":"Stranden"},"content":{"rendered":"<div class=\"buttons\"><a href=\"https:\/\/www.leparcdelagreve.com\/nl\/nieuws-aanbiedingen\/\" rel=\"noreferrer noopener\" rel=\"noreferrer noopener\" class=\"buttons__btn btn-retour\">Terug<\/a><\/div><div class=\"group\"><h2><strong>De stranden rond Camping Le Parc de la Gr\u00e8ve: complete gids per strand<\/strong><\/h2><p    >Gelegen op slechts enkele minuten van de Vend\u00e9e-kust is Camping Ushua\u00efa Villages Le Parc de la Gr\u00e8ve ideaal gelegen om een grote verscheidenheid aan stranden in de Vend\u00e9e te ontdekken.<\/p><p    >Hier vindt u een gedetailleerde gids van de stranden rond Saint-Gilles-Croix-de-Vie, Saint-Hilaire-de-Riez en Br\u00e9tignolles-sur-Mer, met hun kenmerken.<\/p><h2><strong>Grande Plage de Saint-Gilles-Croix-de-Vie<\/strong><\/h2><p    >De Grande Plage is het bekendste strand van Saint-Gilles-Croix-de-Vie.<\/p><p    ><strong>Pluspunten:<\/strong><\/p><ul><li>Groot zandstrand\n<\/li><li>In de zomer bewaakt, ideaal voor gezinnen\n<\/li><li>Veel winkels en restaurants in de buurt\n<\/li><\/ul><p    ><strong>Goed om te weten:<\/strong><\/p><ul><li>Weinig golven, makkelijk zwemmen\n<\/li><li>Erg druk in juli en augustus\n<\/li><li><strong>Honden overdag niet toegestaan in de zomer<\/strong>\n<\/li><li>Parkeerplaatsen beschikbaar maar snel vol\n<\/li><\/ul><h2><strong>Strand van Boisvinet (Saint-Gilles-Croix-de-Vie)<\/strong><\/h2><p    >Gelegen bij de haven en goed beschut.<\/p><p    ><strong>Pluspunten:<\/strong><\/p><ul><li><strong>Perfect voor kinderen<\/strong>\n<\/li><li><strong>Minder golven<\/strong>\n<\/li><li>Rustigere sfeer\n<\/li><\/ul><p    ><strong>Goed om te weten:<\/strong><\/p><ul><li><strong>Honden het hele jaar verboden<\/strong>\n<\/li><li>Beperkte parkeergelegenheid\n<\/li><\/ul><h2><strong>Strand van Les Demoiselles (Saint-Hilaire-de-Riez)<\/strong><\/h2><p    >Een groot familievriendelijk strand dichtbij de camping.<\/p><p    ><strong>Pluspunten:<\/strong><\/p><ul><li>Gemakkelijke toegang\n<\/li><li><strong>Groot zandstrand<\/strong>\n<\/li><li>Ideaal voor gezinnen\n<\/li><\/ul><p    ><strong>Goed om te weten:<\/strong><\/p><ul><li><strong>Matige golven<\/strong>\n<\/li><li>Matige golven\n<\/li><li>Honden toegestaan afhankelijk van het seizoen\n<\/li><\/ul><h2><strong>Strand van Les Becs (Saint-Hilaire-de-Riez)<\/strong><\/h2><p    >Een veelzijdig en populair strand.<\/p><p    ><strong>Pluspunten:<\/strong><\/p><ul><li>Goede bereikbaarheid\n<\/li><li>Watersportmogelijkheden\n<\/li><li>Gezellige gezinsfeer\n<\/li><\/ul><p    ><strong>Goed om te weten:<\/strong><\/p><ul><li><strong>Matige golven<\/strong>\n<\/li><li>Parkeren in de buurt\n<\/li><li>Druk in de zomer\n<\/li><\/ul><h2><strong>Strand van Les Mouettes (Saint-Hilaire-de-Riez)<\/strong><\/h2><p    >Een aangenaam en rustiger strand.<\/p><p    ><strong>Pluspunten:<\/strong><\/p><ul><li>Minder druk dan grote stranden\n<\/li><li><strong>Natuurlijke omgeving<\/strong>\n<\/li><\/ul><p    ><strong>Goed om te weten:<\/strong><\/p><ul><li>Eenvoudige toegang\n<\/li><li>Ideaal om te ontspannen\n<\/li><\/ul><h2><strong>Strand van La Sauzaie (Br\u00e9tignolles-sur-Mer)<\/strong><\/h2><p    >Een bekende surfspot.<\/p><p    ><strong>Pluspunten:<\/strong><\/p><ul><li><strong>Bekend surfstrand in de Vend\u00e9e<\/strong>\n<\/li><li><strong>Regelmatige golven<\/strong>\n<\/li><li>Natuurlijke omgeving\n<\/li><\/ul><p    ><strong>Goed om te weten:<\/strong><\/p><ul><li>Minder geschikt voor gezinnen\n<\/li><li>Populair bij surfers\n<\/li><li>Parkeerplaats in de buurt\n<\/li><\/ul><h2><strong>Strand van Les Dunes (Br\u00e9tignolles-sur-Mer)<\/strong><\/h2><p    >Een sportief en natuurlijk strand.<\/p><p    ><strong>Pluspunten:<\/strong><\/p><ul><li>Ideaal voor surfen en kitesurfen\n<\/li><li>Natuurlijke omgeving\n<\/li><\/ul><p    ><strong>Goed om te weten:<\/strong><\/p><ul><li><strong>Aanwezige golven<\/strong>\n<\/li><li>Minder voorzieningen\n<\/li><li>Gemiddelde drukte \n<\/li><\/ul><h2>Naaktstrand Du petit pon (Br\u00e9tignolles-sur-Mer)<\/h2><p    ><strong>Pluspunten:<\/strong><\/p><ul><li><strong>Officieel naturistenstrand<\/strong>\n<\/li><li>Rustige en natuurlijke omgeving\n<\/li><\/ul><p    ><strong>Goed om te weten:<\/strong><\/p><ul><li>Discrete toegang\n<\/li><li><strong>Regels moeten worden nageleefd<\/strong>\n<\/li><li>Minder druk\n<\/li><\/ul><h2><strong>Welk strand kiezen?<\/strong><\/h2><ul><li>Voor surfen: La Sauzaie, Les Dunes\n<\/li><li>Voor gezinnen: Grande Plage, Demoiselles, Becs\n<\/li><li>Voor rust: Jaunay, Mouettes, Marais Girard\n<\/li><li>Met een hond: toegestane zones in Saint-Hilaire-de-Riez en Br\u00e9tignolles-sur-Mer (afhankelijk van de tijden)\n<\/li><li>Voor naturisten: Naturistenstrand Du petit pon\n<\/li><\/ul><\/div>","protected":false},"excerpt":{"rendered":"<p>De stranden rond Camping Le Parc de la Gr\u00e8ve: complete gids per strand Gelegen op slechts enkele minuten van de Vend\u00e9e-kust is Camping Ushua\u00efa Villages Le Parc de la Gr\u00e8ve ideaal gelegen om een grote verscheidenheid aan stranden in de Vend\u00e9e te ontdekken. Hier vindt u een gedetailleerde gids van de stranden rond Saint-Gilles-Croix-de-Vie, Saint-Hilaire-de-Riez [&hellip;]<\/p>\n","protected":false},"author":3,"featured_media":0,"parent":1204,"menu_order":0,"comment_status":"closed","ping_status":"closed","template":"","meta":{"_acf_changed":false,"footnotes":""},"acf":[],"_links":{"self":[{"href":"https:\/\/www.leparcdelagreve.com\/nl\/wp-json\/wp\/v2\/pages\/1259"}],"collection":[{"href":"https:\/\/www.leparcdelagreve.com\/nl\/wp-json\/wp\/v2\/pages"}],"about":[{"href":"https:\/\/www.leparcdelagreve.com\/nl\/wp-json\/wp\/v2\/types\/page"}],"author":[{"embeddable":true,"href":"https:\/\/www.leparcdelagreve.com\/nl\/wp-json\/wp\/v2\/users\/3"}],"replies":[{"embeddable":true,"href":"https:\/\/www.leparcdelagreve.com\/nl\/wp-json\/wp\/v2\/comments?post=1259"}],"version-history":[{"count":2,"href":"https:\/\/www.leparcdelagreve.com\/nl\/wp-json\/wp\/v2\/pages\/1259\/revisions"}],"predecessor-version":[{"id":1307,"href":"https:\/\/www.leparcdelagreve.com\/nl\/wp-json\/wp\/v2\/pages\/1259\/revisions\/1307"}],"up":[{"embeddable":true,"href":"https:\/\/www.leparcdelagreve.com\/nl\/wp-json\/wp\/v2\/pages\/1204"}],"wp:attachment":[{"href":"https:\/\/www.leparcdelagreve.com\/nl\/wp-json\/wp\/v2\/media?parent=1259"}],"curies":[{"name":"wp","href":"https:\/\/api.w.org\/{rel}","templated":true}]}}