{"id":1275,"date":"2026-03-25T14:50:36","date_gmt":"2026-03-25T13:50:36","guid":{"rendered":"https:\/\/www.leparcdelagreve.com\/?page_id=1275"},"modified":"2026-03-25T14:53:08","modified_gmt":"2026-03-25T13:53:08","slug":"lile-dyeu","status":"publish","type":"page","link":"https:\/\/www.leparcdelagreve.com\/nl\/nieuws-aanbiedingen\/lile-dyeu\/","title":{"rendered":"L&#8217;\u00cele d&#8217;Yeu"},"content":{"rendered":"<div class=\"buttons\"><a href=\"https:\/\/www.leparcdelagreve.com\/nl\/nieuws-aanbiedingen\/\" rel=\"noreferrer noopener\" rel=\"noreferrer noopener\" class=\"buttons__btn btn-retour\">Terug<\/a><\/div><div class=\"group\"><h2><strong>Wat te doen rond \u00cele d\u2019Yeu tijdens uw verblijf op de camping?<\/strong><\/h2><p    >Situ\u00e9 en Vend\u00e9e, le <strong>Camping Ushua\u00efa Villages Le Parc de la Gr\u00e8ve<\/strong> est le<strong> point de d\u00e9part id\u00e9al <\/strong>pour d\u00e9couvrir l\u2019une des plus <strong>belles \u00eeles de la c\u00f4te Atlantique <\/strong>: <strong>\u00cele d\u2019Yeu.<\/strong><\/p><p    >Met zijn ongerepte natuur, zandstranden en rijke erfgoed is een bezoek aan het eiland een echte aanrader tijdens uw vakantie in de Vend\u00e9e.<\/p><h2><strong>Een gemakkelijke uitstap vanaf de camping<\/strong><\/h2><p    >Vanaf Camping Le Parc de la Gr\u00e8ve bent u vlakbij Saint-Gilles-Croix-de-Vie, de belangrijkste vertrekhaven naar het eiland.<\/p><p    >In de zomer zijn er regelmatige veerboten naar \u00cele d\u2019Yeu.<br\/>De overtocht duurt ongeveer 1 uur en is ideaal voor een daguitstap.<\/p><h2><strong>Bezienswaardigheden op \u00cele d\u2019Yeu<\/strong><\/h2><h2><strong>Prachtige natuur<\/strong><\/h2><p    >\u00cele d\u2019Yeu staat bekend om zijn gevarieerde landschappen:<\/p><ul><li>Wilde kust\n<\/li><li>Zandstranden\n<\/li><li>Mooie wandelpaden langs zee\n<\/li><\/ul><h2><strong>Rijk erfgoed<\/strong><\/h2><p    >Het eiland heeft een bijzonder erfgoed, waaronder:<\/p><ul><li><strong>Vieux-Ch\u00e2teau de l\u2019\u00cele d\u2019Yeu<\/strong>\n<\/li><li>De haven van Port-Joinville\n<\/li><\/ul><h2><strong>Ideaal om te fietsen<\/strong><\/h2><p    >Dankzij de vele fietspaden is \u00cele d\u2019Yeu perfect om per fiets te verkennen. Fietsverhuur is beschikbaar bij aankomst.<\/p><h2><strong>Waarom kiezen voor Camping Le Parc de la Gr\u00e8ve?<\/strong><\/h2><p    >Kiezen voor Camping Le Parc de la Gr\u00e8ve betekent:<\/p><ul><li>Een ideale ligging in de Vend\u00e9e\n<\/li><li>Snelle toegang tot Saint-Gilles-Croix-de-Vie\n<\/li><li>Een rustige en natuurlijke omgeving\n<\/li><li>Een perfecte uitvalsbasis om \u00cele d\u2019Yeu te bezoeken\n<\/li><\/ul><p    >Na uw uitstap kunt u heerlijk ontspannen op de camping.<\/p><h2><strong>Een onvergetelijke ervaring in de Vend\u00e9e<\/strong><\/h2><p    >Uw verblijf op Camping Ushua\u00efa Villages Le Parc de la Gr\u00e8ve is de perfecte gelegenheid om \u00cele d\u2019Yeu en zijn unieke landschappen te ontdekken.<\/p><\/div>","protected":false},"excerpt":{"rendered":"<p>Wat te doen rond \u00cele d\u2019Yeu tijdens uw verblijf op de camping? Situ\u00e9 en Vend\u00e9e, le Camping Ushua\u00efa Villages Le Parc de la Gr\u00e8ve est le point de d\u00e9part id\u00e9al pour d\u00e9couvrir l\u2019une des plus belles \u00eeles de la c\u00f4te Atlantique : \u00cele d\u2019Yeu. Met zijn ongerepte natuur, zandstranden en rijke erfgoed is een bezoek [&hellip;]<\/p>\n","protected":false},"author":3,"featured_media":0,"parent":1204,"menu_order":0,"comment_status":"closed","ping_status":"closed","template":"","meta":{"_acf_changed":false,"footnotes":""},"acf":[],"_links":{"self":[{"href":"https:\/\/www.leparcdelagreve.com\/nl\/wp-json\/wp\/v2\/pages\/1275"}],"collection":[{"href":"https:\/\/www.leparcdelagreve.com\/nl\/wp-json\/wp\/v2\/pages"}],"about":[{"href":"https:\/\/www.leparcdelagreve.com\/nl\/wp-json\/wp\/v2\/types\/page"}],"author":[{"embeddable":true,"href":"https:\/\/www.leparcdelagreve.com\/nl\/wp-json\/wp\/v2\/users\/3"}],"replies":[{"embeddable":true,"href":"https:\/\/www.leparcdelagreve.com\/nl\/wp-json\/wp\/v2\/comments?post=1275"}],"version-history":[{"count":3,"href":"https:\/\/www.leparcdelagreve.com\/nl\/wp-json\/wp\/v2\/pages\/1275\/revisions"}],"predecessor-version":[{"id":1281,"href":"https:\/\/www.leparcdelagreve.com\/nl\/wp-json\/wp\/v2\/pages\/1275\/revisions\/1281"}],"up":[{"embeddable":true,"href":"https:\/\/www.leparcdelagreve.com\/nl\/wp-json\/wp\/v2\/pages\/1204"}],"wp:attachment":[{"href":"https:\/\/www.leparcdelagreve.com\/nl\/wp-json\/wp\/v2\/media?parent=1275"}],"curies":[{"name":"wp","href":"https:\/\/api.w.org\/{rel}","templated":true}]}}